{"id":3436,"date":"2023-04-29T16:08:32","date_gmt":"2023-04-29T16:08:32","guid":{"rendered":"https:\/\/lumosdentalclinic.com\/?page_id=3436"},"modified":"2023-05-03T00:49:11","modified_gmt":"2023-05-03T00:49:11","slug":"zirconium-crowns","status":"publish","type":"page","link":"https:\/\/lumosdentalclinic.com\/ro\/treatments\/cosmetic-dentistry\/zirconium-crowns\/","title":{"rendered":"Coroane din zirconiu"},"content":{"rendered":"<div id=\"pl-3436\"  class=\"panel-layout\" ><div id=\"pg-3436-0\"  class=\"panel-grid panel-has-style\" ><div class=\"divider-no-animation tablet-1-in-row mobile-1-in-row desktop-default custom panel-row-style panel-row-style-for-3436-0\" ><div id=\"pgc-3436-0-0\"  class=\"panel-grid-cell\" ><div id=\"panel-3436-0-0-0\" class=\"so-panel widget widget_orion_before_after_w panel-first-child\" data-index=\"0\" ><div class=\"orion custom default panel-widget-style panel-widget-style-for-3436-0-0-0\" ><div\n\t\t\t\n\t\t\tclass=\"so-widget-orion_before_after_w so-widget-orion_before_after_w-base\"\n\t\t\t\n\t\t>\t<div class=\"twentytwenty-container orion-before-after overlay-none overlay-hover-none handle-transparent\" id=\"ba_69d3de78eadbd\">\r\n\t\t\t<img decoding=\"async\" src=\"https:\/\/lumosdentalclinic.com\/wp-content\/uploads\/2023\/04\/ZirconiumBA1.jpg\" \r\n\t\t\tclass=\"before\" \r\n\t\t\t\t\t\t\/>\t\r\n\t\t\t\t\t\t<img decoding=\"async\" src=\"https:\/\/lumosdentalclinic.com\/wp-content\/uploads\/2023\/04\/ZirconBA2.jpg\" class=\"after\" \r\n\t\t\t\t\t\t\/>\r\n\t\t\t\t\t\r\n\t\t<div class=\"overlay\"><\/div>\r\n\t<\/div>\r\n\r\n\t<script>\r\n\tjQuery(window).on('load',function(){\r\n\t\tjQuery(\"#ba_69d3de78eadbd\").twentytwenty({\r\n\t\t\tdefault_offset_pct: 0.5, \r\n\t\t\torientation: 'horizontal', \r\n\t\t});\r\n\t});\r\n\t<\/script> <\/div><\/div><\/div><div id=\"panel-3436-0-0-1\" class=\"so-panel widget widget_orion_heading_w\" data-index=\"1\" ><div class=\"orion custom mobile-text-center tablets-text-center default panel-widget-style panel-widget-style-for-3436-0-0-1\" ><div\n\t\t\t\n\t\t\tclass=\"so-widget-orion_heading_w so-widget-orion_heading_w-base\"\n\t\t\t\n\t\t> \r\n\t\t\t<div class=\"row orion-heading\" style=\"margin-bottom:0px;\">\r\n\t\t<div class=\"col-md-12  separator-style-1 text-left style-h6 style-primary-color\">\r\n\t\t\t<h6 class=\"primary-color\">\r\n\t\t\t\tCoroane de zirconiu \u00een Turcia\t\t\t<\/h6>\r\n\t\t<\/div>\r\n\t<\/div>\r\n\r\n\t<\/div><\/div><\/div><div id=\"panel-3436-0-0-2\" class=\"so-panel widget widget_orion_heading_w\" data-index=\"2\" ><div class=\"orion custom mobile-text-center tablets-text-center default panel-widget-style panel-widget-style-for-3436-0-0-2\" ><div\n\t\t\t\n\t\t\tclass=\"so-widget-orion_heading_w so-widget-orion_heading_w-base\"\n\t\t\t\n\t\t> \r\n\t\t\t<div class=\"row orion-heading\" style=\"margin-bottom:0px;\">\r\n\t\t<div class=\"col-md-12   text-left style-h2 style-text-dark\">\r\n\t\t\t<h2 class=\"text-dark\">\r\n\t\t\t\tTratament pentru coroana dintiilor cu zirconiu\t\t\t<\/h2>\r\n\t\t<\/div>\r\n\t<\/div>\r\n\r\n\t<\/div><\/div><\/div><div id=\"panel-3436-0-0-3\" class=\"so-panel widget widget_sow-editor\" data-index=\"3\" ><div class=\"orion custom mobile-text-center tablets-text-center default panel-widget-style panel-widget-style-for-3436-0-0-3\" ><div\n\t\t\t\n\t\t\tclass=\"so-widget-sow-editor so-widget-sow-editor-base\"\n\t\t\t\n\t\t>\n<div class=\"siteorigin-widget-tinymce textwidget\">\n\t<p class=\"lead\">Coroanele dentare din zirconiu sunt produse de cea mai \u00eenalt\u0103 calitate, a c\u0103ror aplica\u021bii au fost \u00een mod constant satisf\u0103c\u0103toare pentru a ob\u021bine estetica, durabilitatea, armonia texturii \u0219i naturale\u021bea dorite. \u00cen stomatologia estetic\u0103, utilizarea coroanelor de por\u021belan cu suport metalic se estompeaz\u0103 treptat \u00een fiecare zi r\u0103mas\u0103 \u00een urm\u0103. Acest sistem, care are toate caracteristicile pe care ni le dorim, cum ar fi armonia biologic\u0103, aspectul natural, estetica \u0219i rezisten\u021ba mecanic\u0103, folose\u0219te un aliaj alb numit \u201ezirconiu\u201d ca structur\u0103 de sus\u021binere \u00een loc de metale.<\/p>\n<\/div>\n<\/div><\/div><\/div><div id=\"panel-3436-0-0-4\" class=\"so-panel widget widget_orion_accordion_w\" data-index=\"4\" ><div class=\"orion custom default panel-widget-style panel-widget-style-for-3436-0-0-4\" ><div\n\t\t\t\n\t\t\tclass=\"so-widget-orion_accordion_w so-widget-orion_accordion_w-base\"\n\t\t\t\n\t\t>\t\r\n\r\n\t<div class=\"panel-group\" role=\"tablist\" aria-multiselectable=\"true\" id=\"acc_69d3de78eb6ec\">\r\n\t\t\r\n\t\t\t\t\t\t\t\t\r\n\t\t\t\r\n\t\t<div class=\"panel panel-default\" style=\"border-color:#f2f2f2; background:transparent\">\r\n\t\t\t<div class=\"panel-heading\" role=\"tab\" id=\"Forwhatpurposesarezirconiacrownsused69d3de78eb704\">\r\n\t\t\t\t<h4 class=\"panel-title\">\r\n\t\t\t\t\t<a role=\"button\" data-toggle=\"collapse\" href=\"#Forwhatpurposesarezirconiacrownsused69d3de78eb704-panel\" class=\"collapsed primary-hover\" aria-expanded=\"false\" aria-controls=\"Forwhatpurposesarezirconiacrownsused69d3de78eb704\" data-parent=\"#acc_69d3de78eb6ec\" style=\"border-color:#f2f2f2;\">\r\n\t\t\t\t\t  \t\r\n\t\t\t\t\t  \t\u00cen ce scopuri sunt folosite coroanele din zirconiu?\t\t\t\t\t<\/a>\r\n\t\t\t\t<\/h4>\r\n\r\n\t\t\t<\/div>\r\n\t\t\t<div class=\"panel-collapse collapse\" id=\"Forwhatpurposesarezirconiacrownsused69d3de78eb704-panel\" aria-expanded=\"false\" role=\"tabpanel\" aria-labelledby=\"Forwhatpurposesarezirconiacrownsused69d3de78eb704\">\r\n\t\t\t\t<div class=\"panel-body\" style=\"border-color:#f2f2f2;\">\r\n\t\t\t\t\t<p>Coroanele din zirconiu sunt folosite \u00een tratamentul decolor\u0103rilor estetice avansate care nu pot fi tratate prin metode precum albirea; decolorare ereditara, pentru diasteme si dinti rotiti sau usor inghesuiti pentru care nu se prefera tratamentul ortodontic, pentru refacerea dintilor decolorati si erodati cu obturatii vechi si a dintilor cu pierderi severe de substanta, ca punte dentara sau incoronare in molari, in protezele incisive sus\u021binute pe implant \u0219i \u00een designul z\u00e2mbetului.<\/p>\n\t\t\t\t<\/div>\r\n\t\t\t<\/div>\r\n\t\t<\/div>\r\n\t\t\t\t\t\t\r\n\t\t\t\r\n\t\t<div class=\"panel panel-default\" style=\"border-color:#f2f2f2; background:transparent\">\r\n\t\t\t<div class=\"panel-heading\" role=\"tab\" id=\"Howlongwillazirconiacrownlast69d3de78eb785\">\r\n\t\t\t\t<h4 class=\"panel-title\">\r\n\t\t\t\t\t<a role=\"button\" data-toggle=\"collapse\" href=\"#Howlongwillazirconiacrownlast69d3de78eb785-panel\" class=\"collapsed primary-hover\" aria-expanded=\"false\" aria-controls=\"Howlongwillazirconiacrownlast69d3de78eb785\" data-parent=\"#acc_69d3de78eb6ec\" style=\"border-color:#f2f2f2;\">\r\n\t\t\t\t\t  \t\r\n\t\t\t\t\t  \tC\u00e2t va dura o coroan\u0103 din zirconiu?\t\t\t\t\t<\/a>\r\n\t\t\t\t<\/h4>\r\n\r\n\t\t\t<\/div>\r\n\t\t\t<div class=\"panel-collapse collapse\" id=\"Howlongwillazirconiacrownlast69d3de78eb785-panel\" aria-expanded=\"false\" role=\"tabpanel\" aria-labelledby=\"Howlongwillazirconiacrownlast69d3de78eb785\">\r\n\t\t\t\t<div class=\"panel-body\" style=\"border-color:#f2f2f2;\">\r\n\t\t\t\t\t<p>Cu condi\u021bia ca pacientul s\u0103 se supun\u0103 controalelor dentare regulate, coroanele din zirconiu pot dura mul\u021bi ani. Din\u021bii naturali sunt \u021besuturi vii \u0219i se pot deforma \u00een timp din cauza uzurii \u0219i infec\u021biilor, \u00een timp ce coroanele din zirconiu sunt rezistente la schimbare \u00een timp. Cu toate acestea, modific\u0103rile structurii gurii mai t\u00e2rziu \u00een via\u021b\u0103 pot face ca coroana din zirconiu s\u0103 fie adaptat\u0103 sau \u00eenlocuit\u0103 acolo unde este necesar.<\/p>\n<p>Va exista vreo deteriorare a dintelui natural subiacent \u00een cazul \u00eenlocuirii coroanei din zirconiu? Pacientul nu va sim\u021bi niciun disconfort atunci c\u00e2nd coroana este \u00eendep\u0103rtat\u0103 \u0219i nu va exista nicio pierdere a \u021besutului natural dentar subiacent.<\/p>\n\t\t\t\t<\/div>\r\n\t\t\t<\/div>\r\n\t\t<\/div>\r\n\t\t\t\t\t\t\r\n\t\t\t\r\n\t\t<div class=\"panel panel-default\" style=\"border-color:#f2f2f2; background:transparent\">\r\n\t\t\t<div class=\"panel-heading\" role=\"tab\" id=\"Howisazirconiacrownattached69d3de78eb7d0\">\r\n\t\t\t\t<h4 class=\"panel-title\">\r\n\t\t\t\t\t<a role=\"button\" data-toggle=\"collapse\" href=\"#Howisazirconiacrownattached69d3de78eb7d0-panel\" class=\"collapsed primary-hover\" aria-expanded=\"false\" aria-controls=\"Howisazirconiacrownattached69d3de78eb7d0\" data-parent=\"#acc_69d3de78eb6ec\" style=\"border-color:#f2f2f2;\">\r\n\t\t\t\t\t  \t\r\n\t\t\t\t\t  \tCum se ata\u0219eaz\u0103 o coroan\u0103 din zirconiu?\t\t\t\t\t<\/a>\r\n\t\t\t\t<\/h4>\r\n\r\n\t\t\t<\/div>\r\n\t\t\t<div class=\"panel-collapse collapse\" id=\"Howisazirconiacrownattached69d3de78eb7d0-panel\" aria-expanded=\"false\" role=\"tabpanel\" aria-labelledby=\"Howisazirconiacrownattached69d3de78eb7d0\">\r\n\t\t\t\t<div class=\"panel-body\" style=\"border-color:#f2f2f2;\">\r\n\t\t\t\t\t<p>Suprafa\u021ba dintelui natural al pacientului este redus foarte u\u0219or. Acest lucru poate provoca o umflare a gingiei din jur. C\u00e2nd umflarea s-a redus, se ia amprenta dentar\u0103. \u00cen laboratorul nostru intern, este produs\u0103 o baz\u0103 de zirconiu care se potrive\u0219te cu culoarea din\u021bilor naturali. Acesta este apoi dat un proces adecvat cu pacientul. Se fac ajust\u0103ri finale, are loc lustruirea \u0219i rezultatul final este cimentat permanent. Pacientul poate folosi apoi coroana din zirconiu ca \u0219i cum ar fi dintele lor natural.<\/p>\n\t\t\t\t<\/div>\r\n\t\t\t<\/div>\r\n\t\t<\/div>\r\n\t\t\t\t\t\t\r\n\t\t\t\r\n\t\t<div class=\"panel panel-default\" style=\"border-color:#f2f2f2; background:transparent\">\r\n\t\t\t<div class=\"panel-heading\" role=\"tab\" id=\"Howmuchsubstancelossoccursduringtheprocedure69d3de78eb802\">\r\n\t\t\t\t<h4 class=\"panel-title\">\r\n\t\t\t\t\t<a role=\"button\" data-toggle=\"collapse\" href=\"#Howmuchsubstancelossoccursduringtheprocedure69d3de78eb802-panel\" class=\"collapsed primary-hover\" aria-expanded=\"false\" aria-controls=\"Howmuchsubstancelossoccursduringtheprocedure69d3de78eb802\" data-parent=\"#acc_69d3de78eb6ec\" style=\"border-color:#f2f2f2;\">\r\n\t\t\t\t\t  \t\r\n\t\t\t\t\t  \tC\u00e2t\u0103 pierdere de substan\u021b\u0103 are loc \u00een timpul procedurii?\t\t\t\t\t<\/a>\r\n\t\t\t\t<\/h4>\r\n\r\n\t\t\t<\/div>\r\n\t\t\t<div class=\"panel-collapse collapse\" id=\"Howmuchsubstancelossoccursduringtheprocedure69d3de78eb802-panel\" aria-expanded=\"false\" role=\"tabpanel\" aria-labelledby=\"Howmuchsubstancelossoccursduringtheprocedure69d3de78eb802\">\r\n\t\t\t\t<div class=\"panel-body\" style=\"border-color:#f2f2f2;\">\r\n\t\t\t\t\t<p>Pierderea de substan\u021b\u0103 este mult mai mic\u0103 \u00een compara\u021bie cu coroanele de por\u021belan armate cu metal. Uzura de 1 p\u00e2n\u0103 la 1,5 mm are loc pe suprafa\u021ba din\u021bilor t\u0103i.<\/p>\n\t\t\t\t<\/div>\r\n\t\t\t<\/div>\r\n\t\t<\/div>\r\n\t\t\t\t\t\t\r\n\t\t\t\r\n\t\t<div class=\"panel panel-default\" style=\"border-color:#f2f2f2; background:transparent\">\r\n\t\t\t<div class=\"panel-heading\" role=\"tab\" id=\"Howlongdoesthetreatmentwiththisaestheticdentistryapplicationtake69d3de78eb831\">\r\n\t\t\t\t<h4 class=\"panel-title\">\r\n\t\t\t\t\t<a role=\"button\" data-toggle=\"collapse\" href=\"#Howlongdoesthetreatmentwiththisaestheticdentistryapplicationtake69d3de78eb831-panel\" class=\"collapsed primary-hover\" aria-expanded=\"false\" aria-controls=\"Howlongdoesthetreatmentwiththisaestheticdentistryapplicationtake69d3de78eb831\" data-parent=\"#acc_69d3de78eb6ec\" style=\"border-color:#f2f2f2;\">\r\n\t\t\t\t\t  \t\r\n\t\t\t\t\t  \tC\u00e2t dureaz\u0103 tratamentul cu aceast\u0103 aplica\u021bie de stomatologie estetic\u0103?\t\t\t\t\t<\/a>\r\n\t\t\t\t<\/h4>\r\n\r\n\t\t\t<\/div>\r\n\t\t\t<div class=\"panel-collapse collapse\" id=\"Howlongdoesthetreatmentwiththisaestheticdentistryapplicationtake69d3de78eb831-panel\" aria-expanded=\"false\" role=\"tabpanel\" aria-labelledby=\"Howlongdoesthetreatmentwiththisaestheticdentistryapplicationtake69d3de78eb831\">\r\n\t\t\t\t<div class=\"panel-body\" style=\"border-color:#f2f2f2;\">\r\n\t\t\t\t\t<p>La pacien\u021bii care au gingii s\u0103n\u0103toase, tratamentul se finalizeaz\u0103 \u00een decurs de o s\u0103pt\u0103m\u00e2n\u0103. La cererea pacientului, este posibil s\u0103 se efectueze mai multe \u0219edin\u021be de prob\u0103 p\u00e2n\u0103 c\u00e2nd at\u00e2t dentistul, c\u00e2t \u0219i pacientul sunt mul\u021bumi\u021bi \u015fi bucuro\u015fi de rezultat.<\/p>\n\t\t\t\t<\/div>\r\n\t\t\t<\/div>\r\n\t\t<\/div>\r\n\t\t\t\t\t\t\r\n\t\t\t\r\n\t\t<div class=\"panel panel-default\" style=\"border-color:#f2f2f2; background:transparent\">\r\n\t\t\t<div class=\"panel-heading\" role=\"tab\" id=\"Isfractureorfallingoffofthezirconiumcrownsfrequentlyseen69d3de78eb860\">\r\n\t\t\t\t<h4 class=\"panel-title\">\r\n\t\t\t\t\t<a role=\"button\" data-toggle=\"collapse\" href=\"#Isfractureorfallingoffofthezirconiumcrownsfrequentlyseen69d3de78eb860-panel\" class=\"collapsed primary-hover\" aria-expanded=\"false\" aria-controls=\"Isfractureorfallingoffofthezirconiumcrownsfrequentlyseen69d3de78eb860\" data-parent=\"#acc_69d3de78eb6ec\" style=\"border-color:#f2f2f2;\">\r\n\t\t\t\t\t  \t\r\n\t\t\t\t\t  \tSe observ\u0103 frecvent fractura sau c\u0103derea coroanelor de zirconiu?\t\t\t\t\t<\/a>\r\n\t\t\t\t<\/h4>\r\n\r\n\t\t\t<\/div>\r\n\t\t\t<div class=\"panel-collapse collapse\" id=\"Isfractureorfallingoffofthezirconiumcrownsfrequentlyseen69d3de78eb860-panel\" aria-expanded=\"false\" role=\"tabpanel\" aria-labelledby=\"Isfractureorfallingoffofthezirconiumcrownsfrequentlyseen69d3de78eb860\">\r\n\t\t\t\t<div class=\"panel-body\" style=\"border-color:#f2f2f2;\">\r\n\t\t\t\t\t<p>Se pot forma fracturi sau fisuri dup\u0103 ce sunt supuse unei for\u021be excesive, dar acest lucru este aproape c\u00e2t se poate de posibil ca \u00een cazul din\u021bilor naturali. Ele pot fi tratate aproape complet \u00een mediul clinic. Coroana poate c\u0103dea dac\u0103 exist\u0103 o mare pierdere de substan\u021b\u0103 \u00een dinte \u00een timp din cauza cariilor. \u00cen astfel de cazuri, dintele este tratat dac\u0103 este posibil \u0219i coroana este instalat\u0103 din nou.<\/p>\n\t\t\t\t<\/div>\r\n\t\t\t<\/div>\r\n\t\t<\/div>\r\n\t\t\t<\/div>\t\r\n\r\n\r\n\r\n\r\n<\/div><\/div><\/div><div id=\"panel-3436-0-0-5\" class=\"so-panel widget widget_orion_empty_space_w panel-last-child\" data-index=\"5\" ><div class=\"orion custom default panel-widget-style panel-widget-style-for-3436-0-0-5\" ><div\n\t\t\t\n\t\t\tclass=\"so-widget-orion_empty_space_w so-widget-orion_empty_space_w-base\"\n\t\t\t\n\t\t>\t<div class=\"row empty-space visible-sm visible-xs\" style=\"height:24px;\">\r\n\t<\/div><\/div><\/div><\/div><\/div><div id=\"pgc-3436-0-1\"  class=\"panel-grid-cell\" ><div id=\"panel-3436-0-1-0\" class=\"so-panel widget widget_orion_image_w panel-first-child panel-last-child\" data-index=\"6\" ><div class=\"orion custom mobile-text-center tablets-text-center default panel-widget-style panel-widget-style-for-3436-0-1-0\" ><div\n\t\t\t\n\t\t\tclass=\"so-widget-orion_image_w so-widget-orion_image_w-base\"\n\t\t\t\n\t\t>\r\n<div class=\"image-w relative rounded\">\r\n\r\n\t\t\t\t\t\t\t<div class=\"orion_circle image-wrap rounded overlay-greyscale overlay-hover-none\">\r\n\t\t\r\n\t\t\t\t<div class=\"circle-wrap\">\r\n\t\t\t\t\t<img loading=\"lazy\" decoding=\"async\" width=\"750\" height=\"750\" src=\"https:\/\/lumosdentalclinic.com\/wp-content\/uploads\/2023\/04\/ZirconiumCrown-750x750.jpg\" class=\"attachment-orion_square size-orion_square\" alt=\"\" \/>\t\t\t<div class=\"overlay\"><\/div>\r\n\t\t\t\t<\/div>\r\n\t\t\r\n\t\t\t\t\t<\/div>\r\n\t\t\t\r\n\t\r\n\t<div class=\"absolute\">\r\n\t\t<div class=\"hover-desc table-wrap\">\r\n\t\t\t<div class=\"cell-wrap\">\r\n\t\t\t\t<h4 class=\"text-light\"><\/h4>\r\n\t\t\t<\/div>\r\n\t\t<\/div>\r\n\t<\/div>\t\t\t\t\t\r\n<\/div>\r\n\r\n<\/div><\/div><\/div><\/div><\/div><\/div><\/div>","protected":false},"excerpt":{"rendered":"<p>Fa\u021betele sunt o solu\u021bie cosmetic\u0103 ideal\u0103 pentru to\u021bi cei care \u00ee\u0219i doresc un z\u00e2mbet frumos cu invazii minime \u00een din\u021bi.<\/p>","protected":false},"author":1,"featured_media":0,"parent":1054,"menu_order":0,"comment_status":"closed","ping_status":"closed","template":"","meta":{"footnotes":""},"class_list":["post-3436","page","type-page","status-publish","hentry"],"yoast_head":"<!-- This site is optimized with the Yoast SEO Premium plugin v20.2.1 (Yoast SEO v27.0) - https:\/\/yoast.com\/product\/yoast-seo-premium-wordpress\/ -->\n<title>Zirconium Crowns - Lumos Dental Clinic - Dental Centre Turkey<\/title>\n<meta name=\"robots\" content=\"index, follow, max-snippet:-1, max-image-preview:large, max-video-preview:-1\" \/>\n<link rel=\"canonical\" href=\"https:\/\/lumosdentalclinic.com\/ro\/treatments\/cosmetic-dentistry\/zirconium-crowns\/\" \/>\n<meta property=\"og:locale\" content=\"ro_RO\" \/>\n<meta property=\"og:type\" content=\"article\" \/>\n<meta property=\"og:title\" content=\"Zirconium Crowns\" \/>\n<meta property=\"og:description\" content=\"Veneers are an ideal cosmetic solution for everyone who desires a beautiful smile with minimal invasions into their teeth.\" \/>\n<meta property=\"og:url\" content=\"https:\/\/lumosdentalclinic.com\/ro\/treatments\/cosmetic-dentistry\/zirconium-crowns\/\" \/>\n<meta property=\"og:site_name\" content=\"Lumos Dental Clinic - Dental Centre Turkey\" \/>\n<meta property=\"article:publisher\" content=\"https:\/\/www.facebook.com\/lumosdentalstudio\" \/>\n<meta property=\"article:modified_time\" content=\"2023-05-03T00:49:11+00:00\" \/>\n<meta property=\"og:image\" content=\"https:\/\/lumosdentalclinic.com\/wp-content\/uploads\/2023\/08\/cropped-Lumos.png\" \/>\n\t<meta property=\"og:image:width\" content=\"512\" \/>\n\t<meta property=\"og:image:height\" content=\"512\" \/>\n\t<meta property=\"og:image:type\" content=\"image\/png\" \/>\n<meta name=\"twitter:card\" content=\"summary_large_image\" \/>\n<meta name=\"twitter:label1\" content=\"Timp estimat pentru citire\" \/>\n\t<meta name=\"twitter:data1\" content=\"1 minut\" \/>\n<script type=\"application\/ld+json\" class=\"yoast-schema-graph\">{\"@context\":\"https:\/\/schema.org\",\"@graph\":[{\"@type\":\"WebPage\",\"@id\":\"https:\/\/lumosdentalclinic.com\/treatments\/cosmetic-dentistry\/zirconium-crowns\/\",\"url\":\"https:\/\/lumosdentalclinic.com\/treatments\/cosmetic-dentistry\/zirconium-crowns\/\",\"name\":\"Zirconium Crowns - Lumos Dental Clinic - Dental Centre Turkey\",\"isPartOf\":{\"@id\":\"https:\/\/lumosdentalclinic.com\/#website\"},\"datePublished\":\"2023-04-29T16:08:32+00:00\",\"dateModified\":\"2023-05-03T00:49:11+00:00\",\"breadcrumb\":{\"@id\":\"https:\/\/lumosdentalclinic.com\/treatments\/cosmetic-dentistry\/zirconium-crowns\/#breadcrumb\"},\"inLanguage\":\"ro-RO\",\"potentialAction\":[{\"@type\":\"ReadAction\",\"target\":[\"https:\/\/lumosdentalclinic.com\/treatments\/cosmetic-dentistry\/zirconium-crowns\/\"]}]},{\"@type\":\"BreadcrumbList\",\"@id\":\"https:\/\/lumosdentalclinic.com\/treatments\/cosmetic-dentistry\/zirconium-crowns\/#breadcrumb\",\"itemListElement\":[{\"@type\":\"ListItem\",\"position\":1,\"name\":\"Home\",\"item\":\"https:\/\/lumosdentalclinic.com\/\"},{\"@type\":\"ListItem\",\"position\":2,\"name\":\"Treatments\",\"item\":\"https:\/\/lumosdentalclinic.com\/treatments\/\"},{\"@type\":\"ListItem\",\"position\":3,\"name\":\"Cosmetic Dentistry\",\"item\":\"https:\/\/lumosdentalclinic.com\/treatments\/cosmetic-dentistry\/\"},{\"@type\":\"ListItem\",\"position\":4,\"name\":\"Zirconium Crowns\"}]},{\"@type\":\"WebSite\",\"@id\":\"https:\/\/lumosdentalclinic.com\/#website\",\"url\":\"https:\/\/lumosdentalclinic.com\/\",\"name\":\"Lumos Dental Clinic - Dental Centre Turkey\",\"description\":\"Better Smile With Us\",\"publisher\":{\"@id\":\"https:\/\/lumosdentalclinic.com\/#organization\"},\"alternateName\":\"We offer comprehensive services from all fields of dentistry. In addition to high-end dental equipment, all services are provided in a comfortable, luxury environment. New patients are welcomed with a complimentary oral health consultation.\",\"potentialAction\":[{\"@type\":\"SearchAction\",\"target\":{\"@type\":\"EntryPoint\",\"urlTemplate\":\"https:\/\/lumosdentalclinic.com\/?s={search_term_string}\"},\"query-input\":{\"@type\":\"PropertyValueSpecification\",\"valueRequired\":true,\"valueName\":\"search_term_string\"}}],\"inLanguage\":\"ro-RO\"},{\"@type\":\"Organization\",\"@id\":\"https:\/\/lumosdentalclinic.com\/#organization\",\"name\":\"Lumos Dental Clinic - Dental Centre Turkey\",\"alternateName\":\"We offer comprehensive services from all fields of dentistry. In addition to high-end dental equipment, all services are provided in a comfortable, luxury environment. New patients are welcomed with a complimentary oral health consultation.\",\"url\":\"https:\/\/lumosdentalclinic.com\/\",\"logo\":{\"@type\":\"ImageObject\",\"inLanguage\":\"ro-RO\",\"@id\":\"https:\/\/lumosdentalclinic.com\/#\/schema\/logo\/image\/\",\"url\":\"https:\/\/lumosdentalclinic.com\/wp-content\/uploads\/2023\/08\/cropped-Lumos.png\",\"contentUrl\":\"https:\/\/lumosdentalclinic.com\/wp-content\/uploads\/2023\/08\/cropped-Lumos.png\",\"width\":512,\"height\":512,\"caption\":\"Lumos Dental Clinic - Dental Centre Turkey\"},\"image\":{\"@id\":\"https:\/\/lumosdentalclinic.com\/#\/schema\/logo\/image\/\"},\"sameAs\":[\"https:\/\/www.facebook.com\/lumosdentalstudio\",\"https:\/\/www.instagram.com\/lumosdentalclinic\"]}]}<\/script>\n<!-- \/ Yoast SEO Premium plugin. -->","yoast_head_json":{"title":"Coroane din zirconiu - Clinica stomatologic\u0103 Lumos - Centru stomatologic Turcia","robots":{"index":"index","follow":"follow","max-snippet":"max-snippet:-1","max-image-preview":"max-image-preview:large","max-video-preview":"max-video-preview:-1"},"canonical":"https:\/\/lumosdentalclinic.com\/ro\/treatments\/cosmetic-dentistry\/zirconium-crowns\/","og_locale":"ro_RO","og_type":"article","og_title":"Zirconium Crowns","og_description":"Veneers are an ideal cosmetic solution for everyone who desires a beautiful smile with minimal invasions into their teeth.","og_url":"https:\/\/lumosdentalclinic.com\/ro\/treatments\/cosmetic-dentistry\/zirconium-crowns\/","og_site_name":"Lumos Dental Clinic - Dental Centre Turkey","article_publisher":"https:\/\/www.facebook.com\/lumosdentalstudio","article_modified_time":"2023-05-03T00:49:11+00:00","og_image":[{"width":512,"height":512,"url":"https:\/\/lumosdentalclinic.com\/wp-content\/uploads\/2023\/08\/cropped-Lumos.png","type":"image\/png"}],"twitter_card":"summary_large_image","twitter_misc":{"Timp estimat pentru citire":"1 minut"},"schema":{"@context":"https:\/\/schema.org","@graph":[{"@type":"WebPage","@id":"https:\/\/lumosdentalclinic.com\/treatments\/cosmetic-dentistry\/zirconium-crowns\/","url":"https:\/\/lumosdentalclinic.com\/treatments\/cosmetic-dentistry\/zirconium-crowns\/","name":"Coroane din zirconiu - Clinica stomatologic\u0103 Lumos - Centru stomatologic Turcia","isPartOf":{"@id":"https:\/\/lumosdentalclinic.com\/#website"},"datePublished":"2023-04-29T16:08:32+00:00","dateModified":"2023-05-03T00:49:11+00:00","breadcrumb":{"@id":"https:\/\/lumosdentalclinic.com\/treatments\/cosmetic-dentistry\/zirconium-crowns\/#breadcrumb"},"inLanguage":"ro-RO","potentialAction":[{"@type":"ReadAction","target":["https:\/\/lumosdentalclinic.com\/treatments\/cosmetic-dentistry\/zirconium-crowns\/"]}]},{"@type":"BreadcrumbList","@id":"https:\/\/lumosdentalclinic.com\/treatments\/cosmetic-dentistry\/zirconium-crowns\/#breadcrumb","itemListElement":[{"@type":"ListItem","position":1,"name":"Home","item":"https:\/\/lumosdentalclinic.com\/"},{"@type":"ListItem","position":2,"name":"Treatments","item":"https:\/\/lumosdentalclinic.com\/treatments\/"},{"@type":"ListItem","position":3,"name":"Cosmetic Dentistry","item":"https:\/\/lumosdentalclinic.com\/treatments\/cosmetic-dentistry\/"},{"@type":"ListItem","position":4,"name":"Zirconium Crowns"}]},{"@type":"WebSite","@id":"https:\/\/lumosdentalclinic.com\/#website","url":"https:\/\/lumosdentalclinic.com\/","name":"Clinica Stomatologic\u0103 Lumos - Centru Stomatologic Turcia","description":"Z\u00e2mbet mai bun cu noi","publisher":{"@id":"https:\/\/lumosdentalclinic.com\/#organization"},"alternateName":"We offer comprehensive services from all fields of dentistry. In addition to high-end dental equipment, all services are provided in a comfortable, luxury environment. New patients are welcomed with a complimentary oral health consultation.","potentialAction":[{"@type":"SearchAction","target":{"@type":"EntryPoint","urlTemplate":"https:\/\/lumosdentalclinic.com\/?s={search_term_string}"},"query-input":{"@type":"PropertyValueSpecification","valueRequired":true,"valueName":"search_term_string"}}],"inLanguage":"ro-RO"},{"@type":"Organization","@id":"https:\/\/lumosdentalclinic.com\/#organization","name":"Clinica Stomatologic\u0103 Lumos - Centru Stomatologic Turcia","alternateName":"We offer comprehensive services from all fields of dentistry. In addition to high-end dental equipment, all services are provided in a comfortable, luxury environment. New patients are welcomed with a complimentary oral health consultation.","url":"https:\/\/lumosdentalclinic.com\/","logo":{"@type":"ImageObject","inLanguage":"ro-RO","@id":"https:\/\/lumosdentalclinic.com\/#\/schema\/logo\/image\/","url":"https:\/\/lumosdentalclinic.com\/wp-content\/uploads\/2023\/08\/cropped-Lumos.png","contentUrl":"https:\/\/lumosdentalclinic.com\/wp-content\/uploads\/2023\/08\/cropped-Lumos.png","width":512,"height":512,"caption":"Lumos Dental Clinic - Dental Centre Turkey"},"image":{"@id":"https:\/\/lumosdentalclinic.com\/#\/schema\/logo\/image\/"},"sameAs":["https:\/\/www.facebook.com\/lumosdentalstudio","https:\/\/www.instagram.com\/lumosdentalclinic"]}]}},"_links":{"self":[{"href":"https:\/\/lumosdentalclinic.com\/ro\/wp-json\/wp\/v2\/pages\/3436","targetHints":{"allow":["GET"]}}],"collection":[{"href":"https:\/\/lumosdentalclinic.com\/ro\/wp-json\/wp\/v2\/pages"}],"about":[{"href":"https:\/\/lumosdentalclinic.com\/ro\/wp-json\/wp\/v2\/types\/page"}],"author":[{"embeddable":true,"href":"https:\/\/lumosdentalclinic.com\/ro\/wp-json\/wp\/v2\/users\/1"}],"replies":[{"embeddable":true,"href":"https:\/\/lumosdentalclinic.com\/ro\/wp-json\/wp\/v2\/comments?post=3436"}],"version-history":[{"count":10,"href":"https:\/\/lumosdentalclinic.com\/ro\/wp-json\/wp\/v2\/pages\/3436\/revisions"}],"predecessor-version":[{"id":3449,"href":"https:\/\/lumosdentalclinic.com\/ro\/wp-json\/wp\/v2\/pages\/3436\/revisions\/3449"}],"up":[{"embeddable":true,"href":"https:\/\/lumosdentalclinic.com\/ro\/wp-json\/wp\/v2\/pages\/1054"}],"wp:attachment":[{"href":"https:\/\/lumosdentalclinic.com\/ro\/wp-json\/wp\/v2\/media?parent=3436"}],"curies":[{"name":"wp","href":"https:\/\/api.w.org\/{rel}","templated":true}]}}