{"id":3471,"date":"2023-04-29T16:43:22","date_gmt":"2023-04-29T16:43:22","guid":{"rendered":"https:\/\/lumosdentalclinic.com\/?page_id=3471"},"modified":"2023-05-03T00:48:51","modified_gmt":"2023-05-03T00:48:51","slug":"composite-lamina","status":"publish","type":"page","link":"https:\/\/lumosdentalclinic.com\/ro\/treatments\/cosmetic-dentistry\/composite-lamina\/","title":{"rendered":"Lamina compozit\u0103"},"content":{"rendered":"<div id=\"pl-3471\"  class=\"panel-layout\" ><div id=\"pg-3471-0\"  class=\"panel-grid panel-has-style\" ><div class=\"divider-no-animation tablet-1-in-row mobile-1-in-row desktop-default custom panel-row-style panel-row-style-for-3471-0\" ><div id=\"pgc-3471-0-0\"  class=\"panel-grid-cell\" ><div id=\"panel-3471-0-0-0\" class=\"so-panel widget widget_orion_before_after_w panel-first-child\" data-index=\"0\" ><div class=\"orion custom default panel-widget-style panel-widget-style-for-3471-0-0-0\" ><div\n\t\t\t\n\t\t\tclass=\"so-widget-orion_before_after_w so-widget-orion_before_after_w-base\"\n\t\t\t\n\t\t>\t<div class=\"twentytwenty-container orion-before-after overlay-none overlay-hover-none handle-transparent\" id=\"ba_69d3dee16ef6b\">\r\n\t\t\t<img decoding=\"async\" src=\"https:\/\/lumosdentalclinic.com\/wp-content\/uploads\/2023\/04\/CompositeBefore1.jpg\" \r\n\t\t\tclass=\"before\" \r\n\t\t\t\t\t\t\/>\t\r\n\t\t\t\t\t\t<div class=\"twentytwenty-before before-text wrap absolute\">\r\n\t\t\t\t<span class=\"bg-c1 font-3\">\r\n\t\t\t\tP\u0131na la tratament\t\t\t\t<\/span>\r\n\t\t\t<\/div>\r\n\t\t\t\t\t\t<img decoding=\"async\" src=\"https:\/\/lumosdentalclinic.com\/wp-content\/uploads\/2023\/04\/CompositeAfter2.jpg\" class=\"after\" \r\n\t\t\t\t\t\t\/>\r\n\t\t\t\t\t\t<div class=\"twentytwenty-after after-text wrap absolute\">\r\n\t\t\t\t<span class=\"bg-c1 font-3\">\r\n\t\t\t\tDupa Tratament\t\t\t\t<\/span>\r\n\t\t\t<\/div>\r\n\t\t\t\t\t\r\n\t\t<div class=\"overlay\"><\/div>\r\n\t<\/div>\r\n\r\n\t<script>\r\n\tjQuery(window).on('load',function(){\r\n\t\tjQuery(\"#ba_69d3dee16ef6b\").twentytwenty({\r\n\t\t\tdefault_offset_pct: 0.5, \r\n\t\t\torientation: 'horizontal', \r\n\t\t});\r\n\t});\r\n\t<\/script> <\/div><\/div><\/div><div id=\"panel-3471-0-0-1\" class=\"so-panel widget widget_orion_heading_w\" data-index=\"1\" ><div class=\"orion custom mobile-text-center tablets-text-center default panel-widget-style panel-widget-style-for-3471-0-0-1\" ><div\n\t\t\t\n\t\t\tclass=\"so-widget-orion_heading_w so-widget-orion_heading_w-base\"\n\t\t\t\n\t\t> \r\n\t\t\t<div class=\"row orion-heading\" style=\"margin-bottom:0px;\">\r\n\t\t<div class=\"col-md-12  separator-style-1 text-left style-h6 style-primary-color\">\r\n\t\t\t<h6 class=\"primary-color\">\r\n\t\t\t\tLamina compozit\u0103 \u00een Turcia\t\t\t<\/h6>\r\n\t\t<\/div>\r\n\t<\/div>\r\n\r\n\t<\/div><\/div><\/div><div id=\"panel-3471-0-0-2\" class=\"so-panel widget widget_orion_heading_w\" data-index=\"2\" ><div class=\"orion custom mobile-text-center tablets-text-center default panel-widget-style panel-widget-style-for-3471-0-0-2\" ><div\n\t\t\t\n\t\t\tclass=\"so-widget-orion_heading_w so-widget-orion_heading_w-base\"\n\t\t\t\n\t\t> \r\n\t\t\t<div class=\"row orion-heading\" style=\"margin-bottom:0px;\">\r\n\t\t<div class=\"col-md-12   text-left style-h2 style-text-dark\">\r\n\t\t\t<h2 class=\"text-dark\">\r\n\t\t\t\tP\u0102STRA\u021aI-V\u0102 DINTII NATURALI\t\t\t<\/h2>\r\n\t\t<\/div>\r\n\t<\/div>\r\n\r\n\t<\/div><\/div><\/div><div id=\"panel-3471-0-0-3\" class=\"so-panel widget widget_sow-editor\" data-index=\"3\" ><div class=\"orion custom mobile-text-center tablets-text-center default panel-widget-style panel-widget-style-for-3471-0-0-3\" ><div\n\t\t\t\n\t\t\tclass=\"so-widget-sow-editor so-widget-sow-editor-base\"\n\t\t\t\n\t\t>\n<div class=\"siteorigin-widget-tinymce textwidget\">\n\t<p class=\"lead\">Este procesul de \u00eendep\u0103rtare a deform\u0103rilor minore ale din\u021bilor f\u0103r\u0103 a t\u0103ia din\u021bii. Un material special pentru regiunea anterioar\u0103 este plasat pe din\u021bi cu munca atent\u0103 a dentistului \u0219i din\u021bii sunt remodela\u021bi. Poate fi folosit \u00een repararea din\u021bilor rupti, \u00eenchiderea micilor goluri, extinderea lungimii din\u021bilor, schimbarea culorilor acestora.<\/p>\n<\/div>\n<\/div><\/div><\/div><div id=\"panel-3471-0-0-4\" class=\"so-panel widget widget_orion_accordion_w\" data-index=\"4\" ><div class=\"orion custom default panel-widget-style panel-widget-style-for-3471-0-0-4\" ><div\n\t\t\t\n\t\t\tclass=\"so-widget-orion_accordion_w so-widget-orion_accordion_w-base\"\n\t\t\t\n\t\t>\t\r\n\r\n\t<div class=\"panel-group\" role=\"tablist\" aria-multiselectable=\"true\" id=\"acc_69d3dee16f529\">\r\n\t\t\r\n\t\t\t\t\t\t\t\t\r\n\t\t\t\r\n\t\t<div class=\"panel panel-default\" style=\"border-color:#f2f2f2; background:transparent\">\r\n\t\t\t<div class=\"panel-heading\" role=\"tab\" id=\"Whatisthecompositelaminatetreatmentusedfor69d3dee16f539\">\r\n\t\t\t\t<h4 class=\"panel-title\">\r\n\t\t\t\t\t<a role=\"button\" data-toggle=\"collapse\" href=\"#Whatisthecompositelaminatetreatmentusedfor69d3dee16f539-panel\" class=\"collapsed primary-hover\" aria-expanded=\"false\" aria-controls=\"Whatisthecompositelaminatetreatmentusedfor69d3dee16f539\" data-parent=\"#acc_69d3dee16f529\" style=\"border-color:#f2f2f2;\">\r\n\t\t\t\t\t  \t\r\n\t\t\t\t\t  \tPentru ce se utilizeaz\u0103 tratamentul laminat compozit?\t\t\t\t\t<\/a>\r\n\t\t\t\t<\/h4>\r\n\r\n\t\t\t<\/div>\r\n\t\t\t<div class=\"panel-collapse collapse\" id=\"Whatisthecompositelaminatetreatmentusedfor69d3dee16f539-panel\" aria-expanded=\"false\" role=\"tabpanel\" aria-labelledby=\"Whatisthecompositelaminatetreatmentusedfor69d3dee16f539\">\r\n\t\t\t\t<div class=\"panel-body\" style=\"border-color:#f2f2f2;\">\r\n\t\t\t\t\t<p>Laminatele compozite pot fi folosite cu succes in designul zambetului pentru repararea dintilor sparti, inchiderea spatiilor interdentare, extinderea lungimii dintilor, schimbarea culorii acestora.<\/p>\n\t\t\t\t<\/div>\r\n\t\t\t<\/div>\r\n\t\t<\/div>\r\n\t\t\t\t\t\t\r\n\t\t\t\r\n\t\t<div class=\"panel panel-default\" style=\"border-color:#f2f2f2; background:transparent\">\r\n\t\t\t<div class=\"panel-heading\" role=\"tab\" id=\"AdvantagesofCompositeLaminate69d3dee16f5b5\">\r\n\t\t\t\t<h4 class=\"panel-title\">\r\n\t\t\t\t\t<a role=\"button\" data-toggle=\"collapse\" href=\"#AdvantagesofCompositeLaminate69d3dee16f5b5-panel\" class=\"collapsed primary-hover\" aria-expanded=\"false\" aria-controls=\"AdvantagesofCompositeLaminate69d3dee16f5b5\" data-parent=\"#acc_69d3dee16f529\" style=\"border-color:#f2f2f2;\">\r\n\t\t\t\t\t  \t\r\n\t\t\t\t\t  \tAvantajele laminatului compozit\t\t\t\t\t<\/a>\r\n\t\t\t\t<\/h4>\r\n\r\n\t\t\t<\/div>\r\n\t\t\t<div class=\"panel-collapse collapse\" id=\"AdvantagesofCompositeLaminate69d3dee16f5b5-panel\" aria-expanded=\"false\" role=\"tabpanel\" aria-labelledby=\"AdvantagesofCompositeLaminate69d3dee16f5b5\">\r\n\t\t\t\t<div class=\"panel-body\" style=\"border-color:#f2f2f2;\">\r\n\t\t\t\t\t<ul>\n<li>\n<div>Cele mai importante avantaje ale tratamentului cu laminat compozit sunt:<\/div>\n<ul>\n<li>Aproape c\u0103 nu necesit\u0103 \u015flefuirea al dintelui natural, este una dintre metodele de tratament preventiv.<\/li>\n<li>Rezultatul tratamentului este cel mai apropiat de aspectul natural.<\/li>\n<li>Este o metod\u0103 de succes \u00een tratarea multor probleme dentare minore.<\/li>\n<li>Durata procedurii este foarte scurt\u0103, este o metod\u0103 de tratament ideal\u0103 mai ales pentru pacien\u021bii cu timp limitat.<\/li>\n<li>Este o procedur\u0103 mai pu\u021bin costisitoare dec\u00e2t celelalte, cum ar fi fa\u021betele dentare, coroanele etc.<\/li>\n<li>Obtura\u021biile estetice din compozit pot fi aplicate at\u00e2t pe din\u021bii anteriori, c\u00e2t \u0219i pe din\u021bii posteriori.<\/li>\n<li>Posibilele deterior\u0103ri care pot ap\u0103rea \u00een contact cu obiectele dure pot fi reparate, nu necesit\u0103 re\u00eennoire precum laminatele de por\u021belan.<\/li>\n<\/ul>\n<\/li>\n<\/ul>\n\t\t\t\t<\/div>\r\n\t\t\t<\/div>\r\n\t\t<\/div>\r\n\t\t\t\t\t\t\r\n\t\t\t\r\n\t\t<div class=\"panel panel-default\" style=\"border-color:#f2f2f2; background:transparent\">\r\n\t\t\t<div class=\"panel-heading\" role=\"tab\" id=\"WhataretheapplicationstagesofCompositeLaminate69d3dee16f678\">\r\n\t\t\t\t<h4 class=\"panel-title\">\r\n\t\t\t\t\t<a role=\"button\" data-toggle=\"collapse\" href=\"#WhataretheapplicationstagesofCompositeLaminate69d3dee16f678-panel\" class=\"collapsed primary-hover\" aria-expanded=\"false\" aria-controls=\"WhataretheapplicationstagesofCompositeLaminate69d3dee16f678\" data-parent=\"#acc_69d3dee16f529\" style=\"border-color:#f2f2f2;\">\r\n\t\t\t\t\t  \t\r\n\t\t\t\t\t  \tCare sunt etapele de aplicare a laminatului compozit?\t\t\t\t\t<\/a>\r\n\t\t\t\t<\/h4>\r\n\r\n\t\t\t<\/div>\r\n\t\t\t<div class=\"panel-collapse collapse\" id=\"WhataretheapplicationstagesofCompositeLaminate69d3dee16f678-panel\" aria-expanded=\"false\" role=\"tabpanel\" aria-labelledby=\"WhataretheapplicationstagesofCompositeLaminate69d3dee16f678\">\r\n\t\t\t\t<div class=\"panel-body\" style=\"border-color:#f2f2f2;\">\r\n\t\t\t\t\t<div>Lamina compozit\u0103 este un tratament care nu necesit\u0103 preg\u0103tire prealabil\u0103 \u0219i se finalizeaz\u0103 de obicei \u00een 1-1,5 ore, de\u0219i timpul de aplicare variaz\u0103 \u00een func\u021bie de num\u0103rul de din\u021bi care trebuie intervenit. Dac\u0103 nu se va face o obtura\u021bie cu dinte cariat, aceasta se va face f\u0103r\u0103 a fi nevoie de anestezie. Procesele decurg dup\u0103 cum urmeaz\u0103:<\/div>\n<ul>\n<li>Medicul dentist alege materialul de obtura\u021bie potrivit pentru culoarea dintelui pacientului.<\/li>\n<li>Cur\u0103\u021barea din\u021bilor se face \u00eenainte de aplicare.<\/li>\n<li>Suprafa\u021ba dintelui, care este lipsit\u0103 de bacterii, tartru \u0219i plac\u0103, este rugat\u0103 printr-o metod\u0103 special\u0103 (utilizarea acidului fosforic sau metoda rasping) pentru a facilita aderen\u021ba materialului Lamina compozit\u0103 la dinte.<\/li>\n<li>Pentru ca procesul de lamina compozit\u0103 s\u0103 aib\u0103 loc, dintele este acoperit cu un strat de gel auxiliar.<\/li>\n<li>R\u0103\u0219ina compozit\u0103 cremoas\u0103 selectat\u0103 \u00een func\u021bie de culoarea dintelui se aplic\u0103 pe suprafa\u021ba dintelui cu ajutorul unei perii.<\/li>\n<li>Lumina UV este folosit\u0103 pentru a \u00eent\u0103ri materialul.<\/li>\n<li>Materialul Lamina Compozit \u00eent\u0103rit este apoi modelat \u00een form\u0103 de dinte de c\u0103tre dentist.<\/li>\n<\/ul>\n<div>\u00cen final, se aplic\u0103 lustruire \u0219i se realizeaz\u0103 aspectul estetic planificat al din\u021bilor.<\/div>\n\t\t\t\t<\/div>\r\n\t\t\t<\/div>\r\n\t\t<\/div>\r\n\t\t\t\t\t\t\r\n\t\t\t\r\n\t\t<div class=\"panel panel-default\" style=\"border-color:#f2f2f2; background:transparent\">\r\n\t\t\t<div class=\"panel-heading\" role=\"tab\" id=\"HowlongdoesCompositeLaminalast69d3dee16f722\">\r\n\t\t\t\t<h4 class=\"panel-title\">\r\n\t\t\t\t\t<a role=\"button\" data-toggle=\"collapse\" href=\"#HowlongdoesCompositeLaminalast69d3dee16f722-panel\" class=\"collapsed primary-hover\" aria-expanded=\"false\" aria-controls=\"HowlongdoesCompositeLaminalast69d3dee16f722\" data-parent=\"#acc_69d3dee16f529\" style=\"border-color:#f2f2f2;\">\r\n\t\t\t\t\t  \t\r\n\t\t\t\t\t  \tC\u00e2t dureaz\u0103 Composite Lamina?\t\t\t\t\t<\/a>\r\n\t\t\t\t<\/h4>\r\n\r\n\t\t\t<\/div>\r\n\t\t\t<div class=\"panel-collapse collapse\" id=\"HowlongdoesCompositeLaminalast69d3dee16f722-panel\" aria-expanded=\"false\" role=\"tabpanel\" aria-labelledby=\"HowlongdoesCompositeLaminalast69d3dee16f722\">\r\n\t\t\t\t<div class=\"panel-body\" style=\"border-color:#f2f2f2;\">\r\n\t\t\t\t\t<p>C\u00e2nd sunt respectate recomand\u0103rile medicului stomatolog, aplicarea de lipire poate fi folosit\u0103 mul\u021bi ani. Conform datelor obtinute, durata de viata a plombelor difera de la pacient la pacient si prezinta durabilitate intre 3-10 ani.<\/p>\n\t\t\t\t<\/div>\r\n\t\t\t<\/div>\r\n\t\t<\/div>\r\n\t\t\t<\/div>\t\r\n\r\n\r\n\r\n\r\n<\/div><\/div><\/div><div id=\"panel-3471-0-0-5\" class=\"so-panel widget widget_orion_empty_space_w panel-last-child\" data-index=\"5\" ><div class=\"orion custom default panel-widget-style panel-widget-style-for-3471-0-0-5\" ><div\n\t\t\t\n\t\t\tclass=\"so-widget-orion_empty_space_w so-widget-orion_empty_space_w-base\"\n\t\t\t\n\t\t>\t<div class=\"row empty-space visible-sm visible-xs\" style=\"height:24px;\">\r\n\t<\/div><\/div><\/div><\/div><\/div><div id=\"pgc-3471-0-1\"  class=\"panel-grid-cell\" ><div id=\"panel-3471-0-1-0\" class=\"so-panel widget widget_orion_image_w panel-first-child panel-last-child\" data-index=\"6\" ><div class=\"orion custom mobile-text-center tablets-text-center default panel-widget-style panel-widget-style-for-3471-0-1-0\" ><div\n\t\t\t\n\t\t\tclass=\"so-widget-orion_image_w so-widget-orion_image_w-base\"\n\t\t\t\n\t\t>\r\n<div class=\"image-w relative rounded\">\r\n\r\n\t\t\t\t\t\t\t<div class=\"orion_circle image-wrap rounded overlay-greyscale overlay-hover-none\">\r\n\t\t\r\n\t\t\t\t<div class=\"circle-wrap\">\r\n\t\t\t\t\t<img loading=\"lazy\" decoding=\"async\" width=\"750\" height=\"750\" src=\"https:\/\/lumosdentalclinic.com\/wp-content\/uploads\/2023\/04\/CompositeLamina-750x750.jpg\" class=\"attachment-orion_square size-orion_square\" alt=\"Leg\u0103turi compozite\" \/>\t\t\t<div class=\"overlay\"><\/div>\r\n\t\t\t\t<\/div>\r\n\t\t\r\n\t\t\t\t\t<\/div>\r\n\t\t\t\r\n\t\r\n\t<div class=\"absolute\">\r\n\t\t<div class=\"hover-desc table-wrap\">\r\n\t\t\t<div class=\"cell-wrap\">\r\n\t\t\t\t<h4 class=\"text-light\"><\/h4>\r\n\t\t\t<\/div>\r\n\t\t<\/div>\r\n\t<\/div>\t\t\t\t\t\r\n<\/div>\r\n\r\n<\/div><\/div><\/div><\/div><\/div><\/div><\/div>","protected":false},"excerpt":{"rendered":"<p>Fa\u021betele sunt o solu\u021bie cosmetic\u0103 ideal\u0103 pentru to\u021bi cei care \u00ee\u0219i doresc un z\u00e2mbet frumos cu invazii minime \u00een din\u021bi.<\/p>","protected":false},"author":1,"featured_media":0,"parent":1054,"menu_order":0,"comment_status":"closed","ping_status":"closed","template":"","meta":{"footnotes":""},"class_list":["post-3471","page","type-page","status-publish","hentry"],"yoast_head":"<!-- This site is optimized with the Yoast SEO Premium plugin v20.2.1 (Yoast SEO v27.0) - https:\/\/yoast.com\/product\/yoast-seo-premium-wordpress\/ -->\n<title>Composite Lamina - Lumos Dental Clinic - Dental Centre Turkey<\/title>\n<meta name=\"robots\" content=\"index, follow, max-snippet:-1, max-image-preview:large, max-video-preview:-1\" \/>\n<link rel=\"canonical\" href=\"https:\/\/lumosdentalclinic.com\/ro\/treatments\/cosmetic-dentistry\/composite-lamina\/\" \/>\n<meta property=\"og:locale\" content=\"ro_RO\" \/>\n<meta property=\"og:type\" content=\"article\" \/>\n<meta property=\"og:title\" content=\"Composite Lamina\" \/>\n<meta property=\"og:description\" content=\"Veneers are an ideal cosmetic solution for everyone who desires a beautiful smile with minimal invasions into their teeth.\" \/>\n<meta property=\"og:url\" content=\"https:\/\/lumosdentalclinic.com\/ro\/treatments\/cosmetic-dentistry\/composite-lamina\/\" \/>\n<meta property=\"og:site_name\" content=\"Lumos Dental Clinic - Dental Centre Turkey\" \/>\n<meta property=\"article:publisher\" content=\"https:\/\/www.facebook.com\/lumosdentalstudio\" \/>\n<meta property=\"article:modified_time\" content=\"2023-05-03T00:48:51+00:00\" \/>\n<meta property=\"og:image\" content=\"https:\/\/lumosdentalclinic.com\/wp-content\/uploads\/2023\/08\/cropped-Lumos.png\" \/>\n\t<meta property=\"og:image:width\" content=\"512\" \/>\n\t<meta property=\"og:image:height\" content=\"512\" \/>\n\t<meta property=\"og:image:type\" content=\"image\/png\" \/>\n<meta name=\"twitter:card\" content=\"summary_large_image\" \/>\n<meta name=\"twitter:label1\" content=\"Timp estimat pentru citire\" \/>\n\t<meta name=\"twitter:data1\" content=\"1 minut\" \/>\n<script type=\"application\/ld+json\" class=\"yoast-schema-graph\">{\"@context\":\"https:\/\/schema.org\",\"@graph\":[{\"@type\":\"WebPage\",\"@id\":\"https:\/\/lumosdentalclinic.com\/treatments\/cosmetic-dentistry\/composite-lamina\/\",\"url\":\"https:\/\/lumosdentalclinic.com\/treatments\/cosmetic-dentistry\/composite-lamina\/\",\"name\":\"Composite Lamina - Lumos Dental Clinic - Dental Centre Turkey\",\"isPartOf\":{\"@id\":\"https:\/\/lumosdentalclinic.com\/#website\"},\"datePublished\":\"2023-04-29T16:43:22+00:00\",\"dateModified\":\"2023-05-03T00:48:51+00:00\",\"breadcrumb\":{\"@id\":\"https:\/\/lumosdentalclinic.com\/treatments\/cosmetic-dentistry\/composite-lamina\/#breadcrumb\"},\"inLanguage\":\"ro-RO\",\"potentialAction\":[{\"@type\":\"ReadAction\",\"target\":[\"https:\/\/lumosdentalclinic.com\/treatments\/cosmetic-dentistry\/composite-lamina\/\"]}]},{\"@type\":\"BreadcrumbList\",\"@id\":\"https:\/\/lumosdentalclinic.com\/treatments\/cosmetic-dentistry\/composite-lamina\/#breadcrumb\",\"itemListElement\":[{\"@type\":\"ListItem\",\"position\":1,\"name\":\"Home\",\"item\":\"https:\/\/lumosdentalclinic.com\/\"},{\"@type\":\"ListItem\",\"position\":2,\"name\":\"Treatments\",\"item\":\"https:\/\/lumosdentalclinic.com\/treatments\/\"},{\"@type\":\"ListItem\",\"position\":3,\"name\":\"Cosmetic Dentistry\",\"item\":\"https:\/\/lumosdentalclinic.com\/treatments\/cosmetic-dentistry\/\"},{\"@type\":\"ListItem\",\"position\":4,\"name\":\"Composite Lamina\"}]},{\"@type\":\"WebSite\",\"@id\":\"https:\/\/lumosdentalclinic.com\/#website\",\"url\":\"https:\/\/lumosdentalclinic.com\/\",\"name\":\"Lumos Dental Clinic - Dental Centre Turkey\",\"description\":\"Better Smile With Us\",\"publisher\":{\"@id\":\"https:\/\/lumosdentalclinic.com\/#organization\"},\"alternateName\":\"We offer comprehensive services from all fields of dentistry. In addition to high-end dental equipment, all services are provided in a comfortable, luxury environment. New patients are welcomed with a complimentary oral health consultation.\",\"potentialAction\":[{\"@type\":\"SearchAction\",\"target\":{\"@type\":\"EntryPoint\",\"urlTemplate\":\"https:\/\/lumosdentalclinic.com\/?s={search_term_string}\"},\"query-input\":{\"@type\":\"PropertyValueSpecification\",\"valueRequired\":true,\"valueName\":\"search_term_string\"}}],\"inLanguage\":\"ro-RO\"},{\"@type\":\"Organization\",\"@id\":\"https:\/\/lumosdentalclinic.com\/#organization\",\"name\":\"Lumos Dental Clinic - Dental Centre Turkey\",\"alternateName\":\"We offer comprehensive services from all fields of dentistry. In addition to high-end dental equipment, all services are provided in a comfortable, luxury environment. New patients are welcomed with a complimentary oral health consultation.\",\"url\":\"https:\/\/lumosdentalclinic.com\/\",\"logo\":{\"@type\":\"ImageObject\",\"inLanguage\":\"ro-RO\",\"@id\":\"https:\/\/lumosdentalclinic.com\/#\/schema\/logo\/image\/\",\"url\":\"https:\/\/lumosdentalclinic.com\/wp-content\/uploads\/2023\/08\/cropped-Lumos.png\",\"contentUrl\":\"https:\/\/lumosdentalclinic.com\/wp-content\/uploads\/2023\/08\/cropped-Lumos.png\",\"width\":512,\"height\":512,\"caption\":\"Lumos Dental Clinic - Dental Centre Turkey\"},\"image\":{\"@id\":\"https:\/\/lumosdentalclinic.com\/#\/schema\/logo\/image\/\"},\"sameAs\":[\"https:\/\/www.facebook.com\/lumosdentalstudio\",\"https:\/\/www.instagram.com\/lumosdentalclinic\"]}]}<\/script>\n<!-- \/ Yoast SEO Premium plugin. -->","yoast_head_json":{"title":"Lamel\u0103 compozit\u0103 - Clinica stomatologic\u0103 Lumos - Centru stomatologic Turcia","robots":{"index":"index","follow":"follow","max-snippet":"max-snippet:-1","max-image-preview":"max-image-preview:large","max-video-preview":"max-video-preview:-1"},"canonical":"https:\/\/lumosdentalclinic.com\/ro\/treatments\/cosmetic-dentistry\/composite-lamina\/","og_locale":"ro_RO","og_type":"article","og_title":"Composite Lamina","og_description":"Veneers are an ideal cosmetic solution for everyone who desires a beautiful smile with minimal invasions into their teeth.","og_url":"https:\/\/lumosdentalclinic.com\/ro\/treatments\/cosmetic-dentistry\/composite-lamina\/","og_site_name":"Lumos Dental Clinic - Dental Centre Turkey","article_publisher":"https:\/\/www.facebook.com\/lumosdentalstudio","article_modified_time":"2023-05-03T00:48:51+00:00","og_image":[{"width":512,"height":512,"url":"https:\/\/lumosdentalclinic.com\/wp-content\/uploads\/2023\/08\/cropped-Lumos.png","type":"image\/png"}],"twitter_card":"summary_large_image","twitter_misc":{"Timp estimat pentru citire":"1 minut"},"schema":{"@context":"https:\/\/schema.org","@graph":[{"@type":"WebPage","@id":"https:\/\/lumosdentalclinic.com\/treatments\/cosmetic-dentistry\/composite-lamina\/","url":"https:\/\/lumosdentalclinic.com\/treatments\/cosmetic-dentistry\/composite-lamina\/","name":"Lamel\u0103 compozit\u0103 - Clinica stomatologic\u0103 Lumos - Centru stomatologic Turcia","isPartOf":{"@id":"https:\/\/lumosdentalclinic.com\/#website"},"datePublished":"2023-04-29T16:43:22+00:00","dateModified":"2023-05-03T00:48:51+00:00","breadcrumb":{"@id":"https:\/\/lumosdentalclinic.com\/treatments\/cosmetic-dentistry\/composite-lamina\/#breadcrumb"},"inLanguage":"ro-RO","potentialAction":[{"@type":"ReadAction","target":["https:\/\/lumosdentalclinic.com\/treatments\/cosmetic-dentistry\/composite-lamina\/"]}]},{"@type":"BreadcrumbList","@id":"https:\/\/lumosdentalclinic.com\/treatments\/cosmetic-dentistry\/composite-lamina\/#breadcrumb","itemListElement":[{"@type":"ListItem","position":1,"name":"Home","item":"https:\/\/lumosdentalclinic.com\/"},{"@type":"ListItem","position":2,"name":"Treatments","item":"https:\/\/lumosdentalclinic.com\/treatments\/"},{"@type":"ListItem","position":3,"name":"Cosmetic Dentistry","item":"https:\/\/lumosdentalclinic.com\/treatments\/cosmetic-dentistry\/"},{"@type":"ListItem","position":4,"name":"Composite Lamina"}]},{"@type":"WebSite","@id":"https:\/\/lumosdentalclinic.com\/#website","url":"https:\/\/lumosdentalclinic.com\/","name":"Clinica Stomatologic\u0103 Lumos - Centru Stomatologic Turcia","description":"Z\u00e2mbet mai bun cu noi","publisher":{"@id":"https:\/\/lumosdentalclinic.com\/#organization"},"alternateName":"We offer comprehensive services from all fields of dentistry. In addition to high-end dental equipment, all services are provided in a comfortable, luxury environment. New patients are welcomed with a complimentary oral health consultation.","potentialAction":[{"@type":"SearchAction","target":{"@type":"EntryPoint","urlTemplate":"https:\/\/lumosdentalclinic.com\/?s={search_term_string}"},"query-input":{"@type":"PropertyValueSpecification","valueRequired":true,"valueName":"search_term_string"}}],"inLanguage":"ro-RO"},{"@type":"Organization","@id":"https:\/\/lumosdentalclinic.com\/#organization","name":"Clinica Stomatologic\u0103 Lumos - Centru Stomatologic Turcia","alternateName":"We offer comprehensive services from all fields of dentistry. In addition to high-end dental equipment, all services are provided in a comfortable, luxury environment. New patients are welcomed with a complimentary oral health consultation.","url":"https:\/\/lumosdentalclinic.com\/","logo":{"@type":"ImageObject","inLanguage":"ro-RO","@id":"https:\/\/lumosdentalclinic.com\/#\/schema\/logo\/image\/","url":"https:\/\/lumosdentalclinic.com\/wp-content\/uploads\/2023\/08\/cropped-Lumos.png","contentUrl":"https:\/\/lumosdentalclinic.com\/wp-content\/uploads\/2023\/08\/cropped-Lumos.png","width":512,"height":512,"caption":"Lumos Dental Clinic - Dental Centre Turkey"},"image":{"@id":"https:\/\/lumosdentalclinic.com\/#\/schema\/logo\/image\/"},"sameAs":["https:\/\/www.facebook.com\/lumosdentalstudio","https:\/\/www.instagram.com\/lumosdentalclinic"]}]}},"_links":{"self":[{"href":"https:\/\/lumosdentalclinic.com\/ro\/wp-json\/wp\/v2\/pages\/3471","targetHints":{"allow":["GET"]}}],"collection":[{"href":"https:\/\/lumosdentalclinic.com\/ro\/wp-json\/wp\/v2\/pages"}],"about":[{"href":"https:\/\/lumosdentalclinic.com\/ro\/wp-json\/wp\/v2\/types\/page"}],"author":[{"embeddable":true,"href":"https:\/\/lumosdentalclinic.com\/ro\/wp-json\/wp\/v2\/users\/1"}],"replies":[{"embeddable":true,"href":"https:\/\/lumosdentalclinic.com\/ro\/wp-json\/wp\/v2\/comments?post=3471"}],"version-history":[{"count":7,"href":"https:\/\/lumosdentalclinic.com\/ro\/wp-json\/wp\/v2\/pages\/3471\/revisions"}],"predecessor-version":[{"id":3481,"href":"https:\/\/lumosdentalclinic.com\/ro\/wp-json\/wp\/v2\/pages\/3471\/revisions\/3481"}],"up":[{"embeddable":true,"href":"https:\/\/lumosdentalclinic.com\/ro\/wp-json\/wp\/v2\/pages\/1054"}],"wp:attachment":[{"href":"https:\/\/lumosdentalclinic.com\/ro\/wp-json\/wp\/v2\/media?parent=3471"}],"curies":[{"name":"wp","href":"https:\/\/api.w.org\/{rel}","templated":true}]}}