{"id":921,"date":"2016-10-05T08:44:06","date_gmt":"2016-10-05T08:44:06","guid":{"rendered":"http:\/\/dentalia.orionthemes.com\/demo-1\/?page_id=921"},"modified":"2023-05-05T11:03:51","modified_gmt":"2023-05-05T11:03:51","slug":"teeth-whitening","status":"publish","type":"page","link":"https:\/\/lumosdentalclinic.com\/ro\/treatments\/cosmetic-dentistry\/teeth-whitening\/","title":{"rendered":"Albirea Dintilor"},"content":{"rendered":"<div id=\"pl-921\"  class=\"panel-layout\" ><div id=\"pg-921-0\"  class=\"panel-grid panel-has-style\" ><div class=\"divider-no-animation tablet-1-in-row mobile-1-in-row desktop-default custom panel-row-style panel-row-style-for-921-0\" ><div id=\"pgc-921-0-0\"  class=\"panel-grid-cell\" ><div id=\"panel-921-0-0-0\" class=\"so-panel widget widget_orion_heading_w panel-first-child\" data-index=\"0\" ><div class=\"orion custom default panel-widget-style panel-widget-style-for-921-0-0-0\" ><div\n\t\t\t\n\t\t\tclass=\"so-widget-orion_heading_w so-widget-orion_heading_w-base\"\n\t\t\t\n\t\t> \r\n\t\t\t<div class=\"row orion-heading\" style=\"margin-bottom:0px;\">\r\n\t\t<div class=\"col-md-12  separator-style-1 text-left style-h6 style-primary-color\">\r\n\t\t\t<h6 class=\"primary-color\">\r\n\t\t\t\tAlbirea din\u021bilor \u00een Turcia\t\t\t<\/h6>\r\n\t\t<\/div>\r\n\t<\/div>\r\n\r\n\t<\/div><\/div><\/div><div id=\"panel-921-0-0-1\" class=\"so-panel widget widget_orion_heading_w\" data-index=\"1\" ><div class=\"orion custom default panel-widget-style panel-widget-style-for-921-0-0-1\" ><div\n\t\t\t\n\t\t\tclass=\"so-widget-orion_heading_w so-widget-orion_heading_w-base\"\n\t\t\t\n\t\t> \r\n\t\t\t<div class=\"row orion-heading\" style=\"margin-bottom:0px;\">\r\n\t\t<div class=\"col-md-12   text-left style-h2 style-text-dark\">\r\n\t\t\t<h2 class=\"text-dark\">\r\n\t\t\t\tAlbirea dintilor cu laser\t\t\t<\/h2>\r\n\t\t<\/div>\r\n\t<\/div>\r\n\r\n\t<\/div><\/div><\/div><div id=\"panel-921-0-0-2\" class=\"so-panel widget widget_sow-editor\" data-index=\"2\" ><div class=\"orion custom default panel-widget-style panel-widget-style-for-921-0-0-2\" ><div\n\t\t\t\n\t\t\tclass=\"so-widget-sow-editor so-widget-sow-editor-base\"\n\t\t\t\n\t\t>\n<div class=\"siteorigin-widget-tinymce textwidget\">\n\t<p class=\"lead\"><strong>Realizam albirea dintilor cu laser in 3 pasi intr-o singura sedinta.<\/strong><\/p>\n<p>Procedura presupune cur\u0103\u021barea \u0219i verificarea din\u021bilor pacientului. Gingiile pacientului sunt apoi protejate \u00eenainte ca un gel de albire s\u0103 fie apoi aplicat pe din\u021bi. Folosind cea mai recent\u0103 tehnologie \u0219i sub supravegherea corespunz\u0103toare a stomatologului nostru, gelul este supus luminii de albire a din\u021bilor \u201eZoom\u201d de renume mondial. Acest proces poate albi din\u021bii cu trei sau patru grade. Culoarea dintelui variaza de la o persoana la alta. Fumatul de \u021big\u0103ri, consumul excesiv de ceai, cafea \u0219i b\u0103uturi acide, lipsa unei aten\u021bii suficiente la igiena \u0219i \u00eengrijirea dentare pot duce la \u00eeng\u0103lbenirea sau la colorarea din\u021bilor. \u00cen unele cazuri, defectele structurale \u00een uter sau \u00een copil\u0103rie sau utilizarea continu\u0103 a medicamentelor pot provoca, de asemenea, varia\u021bii de culoare dentar\u0103. Procesul de albire cu laser \u201eZoom\u201d este procedura rapid\u0103 \u0219i cea mai economic\u0103 pentru toate astfel de cazuri. albirea dintilor In unele cazuri extreme, pacientului i se va cere sa foloseasca un tratament de albire aplicat acasa in timp ce este supus albirii cu laser la clinica noastra. \u00cen astfel de cazuri, stomatologii no\u0219tri cosmetici, \u00een cooperare cu tehnicienii no\u0219tri de laborator, vor putea explica modul de aplicare \u0219i depozitare a gelului.<\/p>\n<\/div>\n<\/div><\/div><\/div><div id=\"panel-921-0-0-3\" class=\"so-panel widget widget_orion_empty_space_w\" data-index=\"3\" ><div class=\"orion custom default panel-widget-style panel-widget-style-for-921-0-0-3\" ><div\n\t\t\t\n\t\t\tclass=\"so-widget-orion_empty_space_w so-widget-orion_empty_space_w-base\"\n\t\t\t\n\t\t>\t<div class=\"row empty-space visible-sm visible-xs\" style=\"height:24px;\">\r\n\t<\/div><\/div><\/div><\/div><div id=\"panel-921-0-0-4\" class=\"so-panel widget widget_orion_button_w panel-last-child\" data-index=\"4\" ><div class=\"orion custom mobile-text-center tablets-text-center absolute-bottom absolute-bottom-left default panel-widget-style panel-widget-style-for-921-0-0-4\" ><div\n\t\t\t\n\t\t\tclass=\"so-widget-orion_button_w so-widget-orion_button_w-base\"\n\t\t\t\n\t\t>\r\n\t\t\t<a class=\"btn btn-c1 btn-round btn-flat btn-lg\"  href=\"https:\/\/lumosdentalclinic.com\/ro\/get-a-quote\/\"\r\n\t\t\t   \t\t>\r\n\t\t\tCERERE PROGRAMARE\t\t\r\n\t\t<\/a>\r\n\t\r\n<\/div><\/div><\/div><\/div><div id=\"pgc-921-0-1\"  class=\"panel-grid-cell\" ><div id=\"panel-921-0-1-0\" class=\"so-panel widget widget_orion_before_after_w panel-first-child\" data-index=\"5\" ><div class=\"orion custom default panel-widget-style panel-widget-style-for-921-0-1-0\" ><div\n\t\t\t\n\t\t\tclass=\"so-widget-orion_before_after_w so-widget-orion_before_after_w-base\"\n\t\t\t\n\t\t>\t<div class=\"wrapper img-frame shadow-4\">\t\t\t\r\n\t<div class=\"twentytwenty-container orion-before-after overlay-none overlay-hover-none handle-transparent\" id=\"ba_69d3e0c535ae6\">\r\n\t\t\t<img decoding=\"async\" src=\"https:\/\/lumosdentalclinic.com\/wp-content\/uploads\/2023\/04\/white1.jpg\" \r\n\t\t\tclass=\"before\" \r\n\t\t\t\t\t\t\/>\t\r\n\t\t\t\t\t\t<div class=\"twentytwenty-before before-text wrap absolute\">\r\n\t\t\t\t<span class=\"bg-c1 font-3\">\r\n\t\t\t\tP\u0131na la tratament\t\t\t\t<\/span>\r\n\t\t\t<\/div>\r\n\t\t\t\t\t\t<img decoding=\"async\" src=\"https:\/\/lumosdentalclinic.com\/wp-content\/uploads\/2023\/04\/white2.jpg\" class=\"after\" \r\n\t\t\t\t\t\t\/>\r\n\t\t\t\t\t\t<div class=\"twentytwenty-after after-text wrap absolute\">\r\n\t\t\t\t<span class=\"bg-c1 font-3\">\r\n\t\t\t\tDupa Tratament\t\t\t\t<\/span>\r\n\t\t\t<\/div>\r\n\t\t\t\t\t\r\n\t\t<div class=\"overlay\"><\/div>\r\n\t<\/div>\r\n\t<\/div>\r\n\r\n\t<script>\r\n\tjQuery(window).on('load',function(){\r\n\t\tjQuery(\"#ba_69d3e0c535ae6\").twentytwenty({\r\n\t\t\tdefault_offset_pct: 0.5, \r\n\t\t\torientation: 'horizontal', \r\n\t\t});\r\n\t});\r\n\t<\/script> <\/div><\/div><\/div><div id=\"panel-921-0-1-1\" class=\"so-panel widget widget_sow-editor panel-last-child\" data-index=\"6\" ><div class=\"orion custom mobile-text-center default panel-widget-style panel-widget-style-for-921-0-1-1\" ><div\n\t\t\t\n\t\t\tclass=\"so-widget-sow-editor so-widget-sow-editor-base\"\n\t\t\t\n\t\t>\n<div class=\"siteorigin-widget-tinymce textwidget\">\n\t<p>Pacien\u021bi Din\u021bii \u00eenainte \u0219i dup\u0103 albirea din\u021bilor<\/p>\n<\/div>\n<\/div><\/div><\/div><\/div><\/div><\/div><div id=\"pg-921-1\"  class=\"panel-grid panel-has-style\" ><div class=\"siteorigin-panels-stretch divider-no-animation tablet-default mobile-1-in-row desktop-default overlay-c3 custom responsive-fit panel-row-style panel-row-style-for-921-1\" data-stretch-type=\"full\" ><div id=\"pgc-921-1-0\"  class=\"panel-grid-cell\" ><div id=\"panel-921-1-0-0\" class=\"so-panel widget widget_orion_icon_text_w panel-first-child panel-last-child\" data-index=\"7\" ><div class=\"orion default panel-widget-style panel-widget-style-for-921-1-0-0\" ><div\n\t\t\t\n\t\t\tclass=\"so-widget-orion_icon_text_w so-widget-orion_icon_text_w-base\"\n\t\t\t\n\t\t>\r\n<div class=\"row icon-box-items-wrap grid icon-top\">\r\n \r\n\t\r\n\t\t\r\n\t\t\r\n\t\t\t\t\r\n\t\t\r\n\t\t<div class=\"icon-box-wrap clearfix col-lg-4 col-md-4 col-sm-6 no_desc vertical-center text-light\" style=\"margin-bottom:60px;\">\t\t\r\n\r\n\t\t\t\t\t\t\t\t\t\t<div class=\"icon-wrap relative simple\">\r\n\t\t\t\t\t<span class=\"sow-icon-dentalicons\" data-sow-icon=\"&#xe813;\"\n\t\tstyle=\"color: #ffffff\" \n\t\taria-hidden=\"true\"><\/span>\t\t\t\t\t\t\t\t\t<\/div>\r\n\t\t\t\r\n\t\t\t<h4 class=\"item-title h6\">8 Nuan\u021be Z\u00e2mbet Mai Alb<\/h4>\t\t\t\r\n\r\n\t\t\t\r\n\t\t<\/div>\r\n\t\r\n\t\t\r\n\t\t\r\n\t\t\t\t\r\n\t\t\r\n\t\t<div class=\"icon-box-wrap clearfix col-lg-4 col-md-4 col-sm-6 no_desc vertical-center text-light\" style=\"margin-bottom:60px;\">\t\t\r\n\r\n\t\t\t\t\t\t\t\t\t\t<div class=\"icon-wrap relative simple\">\r\n\t\t\t\t\t<span class=\"sow-icon-dentalicons\" data-sow-icon=\"&#xe80c;\"\n\t\tstyle=\"color: #ffffff\" \n\t\taria-hidden=\"true\"><\/span>\t\t\t\t\t\t\t\t\t<\/div>\r\n\t\t\t\r\n\t\t\t<h4 class=\"item-title h6\">Irita\u021bie minim\u0103<\/h4>\t\t\t\r\n\r\n\t\t\t\r\n\t\t<\/div>\r\n\t\r\n\t\t\r\n\t\t\r\n\t\t\t\t\r\n\t\t\r\n\t\t<div class=\"icon-box-wrap clearfix col-lg-4 col-md-4 col-sm-6 no_desc vertical-center text-light\" style=\"margin-bottom:60px;\">\t\t\r\n\r\n\t\t\t\t\t\t\t\t\t\t<div class=\"icon-wrap relative simple\">\r\n\t\t\t\t\t<span class=\"sow-icon-dentalicons\" data-sow-icon=\"&#xe816;\"\n\t\tstyle=\"color: #ffffff\" \n\t\taria-hidden=\"true\"><\/span>\t\t\t\t\t\t\t\t\t<\/div>\r\n\t\t\t\r\n\t\t\t<h4 class=\"item-title h6\">Doar o vizit\u0103<\/h4>\t\t\t\r\n\r\n\t\t\t\r\n\t\t<\/div>\r\n\t\r\n<\/div><\/div><\/div><\/div><\/div><\/div><\/div><\/div>","protected":false},"excerpt":{"rendered":"<p>Albirea dentar\u0103 cu laser ne permite s\u0103 v\u0103 albim din\u021bii p\u00e2n\u0103 la 8 nuan\u021be \u00eentr-o singur\u0103 vizit\u0103.<\/p>","protected":false},"author":1,"featured_media":0,"parent":1054,"menu_order":0,"comment_status":"closed","ping_status":"closed","template":"","meta":{"footnotes":""},"class_list":["post-921","page","type-page","status-publish","hentry"],"yoast_head":"<!-- This site is optimized with the Yoast SEO Premium plugin v20.2.1 (Yoast SEO v27.0) - https:\/\/yoast.com\/product\/yoast-seo-premium-wordpress\/ -->\n<title>Teeth Whitening - Lumos Dental Clinic - Dental Centre Turkey<\/title>\n<meta name=\"robots\" content=\"index, follow, max-snippet:-1, max-image-preview:large, max-video-preview:-1\" \/>\n<link rel=\"canonical\" href=\"https:\/\/lumosdentalclinic.com\/ro\/treatments\/cosmetic-dentistry\/teeth-whitening\/\" \/>\n<meta property=\"og:locale\" content=\"ro_RO\" \/>\n<meta property=\"og:type\" content=\"article\" \/>\n<meta property=\"og:title\" content=\"Teeth Whitening\" \/>\n<meta property=\"og:description\" content=\"Laser teeth whitening allows us to whiten your teeth for as much as 8 shades in just one visit.\" \/>\n<meta property=\"og:url\" content=\"https:\/\/lumosdentalclinic.com\/ro\/treatments\/cosmetic-dentistry\/teeth-whitening\/\" \/>\n<meta property=\"og:site_name\" content=\"Lumos Dental Clinic - Dental Centre Turkey\" \/>\n<meta property=\"article:publisher\" content=\"https:\/\/www.facebook.com\/lumosdentalstudio\" \/>\n<meta property=\"article:modified_time\" content=\"2023-05-05T11:03:51+00:00\" \/>\n<meta property=\"og:image\" content=\"https:\/\/lumosdentalclinic.com\/wp-content\/uploads\/2023\/08\/cropped-Lumos.png\" \/>\n\t<meta property=\"og:image:width\" content=\"512\" \/>\n\t<meta property=\"og:image:height\" content=\"512\" \/>\n\t<meta property=\"og:image:type\" content=\"image\/png\" \/>\n<meta name=\"twitter:card\" content=\"summary_large_image\" \/>\n<meta name=\"twitter:label1\" content=\"Timp estimat pentru citire\" \/>\n\t<meta name=\"twitter:data1\" content=\"1 minut\" \/>\n<script type=\"application\/ld+json\" class=\"yoast-schema-graph\">{\"@context\":\"https:\/\/schema.org\",\"@graph\":[{\"@type\":\"WebPage\",\"@id\":\"https:\/\/lumosdentalclinic.com\/tr\/treatments\/cosmetic-dentistry\/teeth-whitening\/\",\"url\":\"https:\/\/lumosdentalclinic.com\/tr\/treatments\/cosmetic-dentistry\/teeth-whitening\/\",\"name\":\"Teeth Whitening - Lumos Dental Clinic - Dental Centre Turkey\",\"isPartOf\":{\"@id\":\"https:\/\/lumosdentalclinic.com\/#website\"},\"datePublished\":\"2016-10-05T08:44:06+00:00\",\"dateModified\":\"2023-05-05T11:03:51+00:00\",\"breadcrumb\":{\"@id\":\"https:\/\/lumosdentalclinic.com\/tr\/treatments\/cosmetic-dentistry\/teeth-whitening\/#breadcrumb\"},\"inLanguage\":\"ro-RO\",\"potentialAction\":[{\"@type\":\"ReadAction\",\"target\":[\"https:\/\/lumosdentalclinic.com\/tr\/treatments\/cosmetic-dentistry\/teeth-whitening\/\"]}]},{\"@type\":\"BreadcrumbList\",\"@id\":\"https:\/\/lumosdentalclinic.com\/tr\/treatments\/cosmetic-dentistry\/teeth-whitening\/#breadcrumb\",\"itemListElement\":[{\"@type\":\"ListItem\",\"position\":1,\"name\":\"Home\",\"item\":\"https:\/\/lumosdentalclinic.com\/\"},{\"@type\":\"ListItem\",\"position\":2,\"name\":\"Treatments\",\"item\":\"https:\/\/lumosdentalclinic.com\/treatments\/\"},{\"@type\":\"ListItem\",\"position\":3,\"name\":\"Cosmetic Dentistry\",\"item\":\"https:\/\/lumosdentalclinic.com\/treatments\/cosmetic-dentistry\/\"},{\"@type\":\"ListItem\",\"position\":4,\"name\":\"Teeth Whitening\"}]},{\"@type\":\"WebSite\",\"@id\":\"https:\/\/lumosdentalclinic.com\/#website\",\"url\":\"https:\/\/lumosdentalclinic.com\/\",\"name\":\"Lumos Dental Clinic - Dental Centre Turkey\",\"description\":\"Better Smile With Us\",\"publisher\":{\"@id\":\"https:\/\/lumosdentalclinic.com\/#organization\"},\"alternateName\":\"We offer comprehensive services from all fields of dentistry. In addition to high-end dental equipment, all services are provided in a comfortable, luxury environment. New patients are welcomed with a complimentary oral health consultation.\",\"potentialAction\":[{\"@type\":\"SearchAction\",\"target\":{\"@type\":\"EntryPoint\",\"urlTemplate\":\"https:\/\/lumosdentalclinic.com\/?s={search_term_string}\"},\"query-input\":{\"@type\":\"PropertyValueSpecification\",\"valueRequired\":true,\"valueName\":\"search_term_string\"}}],\"inLanguage\":\"ro-RO\"},{\"@type\":\"Organization\",\"@id\":\"https:\/\/lumosdentalclinic.com\/#organization\",\"name\":\"Lumos Dental Clinic - Dental Centre Turkey\",\"alternateName\":\"We offer comprehensive services from all fields of dentistry. In addition to high-end dental equipment, all services are provided in a comfortable, luxury environment. New patients are welcomed with a complimentary oral health consultation.\",\"url\":\"https:\/\/lumosdentalclinic.com\/\",\"logo\":{\"@type\":\"ImageObject\",\"inLanguage\":\"ro-RO\",\"@id\":\"https:\/\/lumosdentalclinic.com\/#\/schema\/logo\/image\/\",\"url\":\"https:\/\/lumosdentalclinic.com\/wp-content\/uploads\/2023\/08\/cropped-Lumos.png\",\"contentUrl\":\"https:\/\/lumosdentalclinic.com\/wp-content\/uploads\/2023\/08\/cropped-Lumos.png\",\"width\":512,\"height\":512,\"caption\":\"Lumos Dental Clinic - Dental Centre Turkey\"},\"image\":{\"@id\":\"https:\/\/lumosdentalclinic.com\/#\/schema\/logo\/image\/\"},\"sameAs\":[\"https:\/\/www.facebook.com\/lumosdentalstudio\",\"https:\/\/www.instagram.com\/lumosdentalclinic\"]}]}<\/script>\n<!-- \/ Yoast SEO Premium plugin. -->","yoast_head_json":{"title":"Albire dentar\u0103 - Clinica stomatologic\u0103 Lumos - Centru stomatologic Turcia","robots":{"index":"index","follow":"follow","max-snippet":"max-snippet:-1","max-image-preview":"max-image-preview:large","max-video-preview":"max-video-preview:-1"},"canonical":"https:\/\/lumosdentalclinic.com\/ro\/treatments\/cosmetic-dentistry\/teeth-whitening\/","og_locale":"ro_RO","og_type":"article","og_title":"Teeth Whitening","og_description":"Laser teeth whitening allows us to whiten your teeth for as much as 8 shades in just one visit.","og_url":"https:\/\/lumosdentalclinic.com\/ro\/treatments\/cosmetic-dentistry\/teeth-whitening\/","og_site_name":"Lumos Dental Clinic - Dental Centre Turkey","article_publisher":"https:\/\/www.facebook.com\/lumosdentalstudio","article_modified_time":"2023-05-05T11:03:51+00:00","og_image":[{"width":512,"height":512,"url":"https:\/\/lumosdentalclinic.com\/wp-content\/uploads\/2023\/08\/cropped-Lumos.png","type":"image\/png"}],"twitter_card":"summary_large_image","twitter_misc":{"Timp estimat pentru citire":"1 minut"},"schema":{"@context":"https:\/\/schema.org","@graph":[{"@type":"WebPage","@id":"https:\/\/lumosdentalclinic.com\/tr\/treatments\/cosmetic-dentistry\/teeth-whitening\/","url":"https:\/\/lumosdentalclinic.com\/tr\/treatments\/cosmetic-dentistry\/teeth-whitening\/","name":"Albire dentar\u0103 - Clinica stomatologic\u0103 Lumos - Centru stomatologic Turcia","isPartOf":{"@id":"https:\/\/lumosdentalclinic.com\/#website"},"datePublished":"2016-10-05T08:44:06+00:00","dateModified":"2023-05-05T11:03:51+00:00","breadcrumb":{"@id":"https:\/\/lumosdentalclinic.com\/tr\/treatments\/cosmetic-dentistry\/teeth-whitening\/#breadcrumb"},"inLanguage":"ro-RO","potentialAction":[{"@type":"ReadAction","target":["https:\/\/lumosdentalclinic.com\/tr\/treatments\/cosmetic-dentistry\/teeth-whitening\/"]}]},{"@type":"BreadcrumbList","@id":"https:\/\/lumosdentalclinic.com\/tr\/treatments\/cosmetic-dentistry\/teeth-whitening\/#breadcrumb","itemListElement":[{"@type":"ListItem","position":1,"name":"Home","item":"https:\/\/lumosdentalclinic.com\/"},{"@type":"ListItem","position":2,"name":"Treatments","item":"https:\/\/lumosdentalclinic.com\/treatments\/"},{"@type":"ListItem","position":3,"name":"Cosmetic Dentistry","item":"https:\/\/lumosdentalclinic.com\/treatments\/cosmetic-dentistry\/"},{"@type":"ListItem","position":4,"name":"Teeth Whitening"}]},{"@type":"WebSite","@id":"https:\/\/lumosdentalclinic.com\/#website","url":"https:\/\/lumosdentalclinic.com\/","name":"Clinica Stomatologic\u0103 Lumos - Centru Stomatologic Turcia","description":"Z\u00e2mbet mai bun cu noi","publisher":{"@id":"https:\/\/lumosdentalclinic.com\/#organization"},"alternateName":"We offer comprehensive services from all fields of dentistry. In addition to high-end dental equipment, all services are provided in a comfortable, luxury environment. New patients are welcomed with a complimentary oral health consultation.","potentialAction":[{"@type":"SearchAction","target":{"@type":"EntryPoint","urlTemplate":"https:\/\/lumosdentalclinic.com\/?s={search_term_string}"},"query-input":{"@type":"PropertyValueSpecification","valueRequired":true,"valueName":"search_term_string"}}],"inLanguage":"ro-RO"},{"@type":"Organization","@id":"https:\/\/lumosdentalclinic.com\/#organization","name":"Clinica Stomatologic\u0103 Lumos - Centru Stomatologic Turcia","alternateName":"We offer comprehensive services from all fields of dentistry. In addition to high-end dental equipment, all services are provided in a comfortable, luxury environment. New patients are welcomed with a complimentary oral health consultation.","url":"https:\/\/lumosdentalclinic.com\/","logo":{"@type":"ImageObject","inLanguage":"ro-RO","@id":"https:\/\/lumosdentalclinic.com\/#\/schema\/logo\/image\/","url":"https:\/\/lumosdentalclinic.com\/wp-content\/uploads\/2023\/08\/cropped-Lumos.png","contentUrl":"https:\/\/lumosdentalclinic.com\/wp-content\/uploads\/2023\/08\/cropped-Lumos.png","width":512,"height":512,"caption":"Lumos Dental Clinic - Dental Centre Turkey"},"image":{"@id":"https:\/\/lumosdentalclinic.com\/#\/schema\/logo\/image\/"},"sameAs":["https:\/\/www.facebook.com\/lumosdentalstudio","https:\/\/www.instagram.com\/lumosdentalclinic"]}]}},"_links":{"self":[{"href":"https:\/\/lumosdentalclinic.com\/ro\/wp-json\/wp\/v2\/pages\/921","targetHints":{"allow":["GET"]}}],"collection":[{"href":"https:\/\/lumosdentalclinic.com\/ro\/wp-json\/wp\/v2\/pages"}],"about":[{"href":"https:\/\/lumosdentalclinic.com\/ro\/wp-json\/wp\/v2\/types\/page"}],"author":[{"embeddable":true,"href":"https:\/\/lumosdentalclinic.com\/ro\/wp-json\/wp\/v2\/users\/1"}],"replies":[{"embeddable":true,"href":"https:\/\/lumosdentalclinic.com\/ro\/wp-json\/wp\/v2\/comments?post=921"}],"version-history":[{"count":10,"href":"https:\/\/lumosdentalclinic.com\/ro\/wp-json\/wp\/v2\/pages\/921\/revisions"}],"predecessor-version":[{"id":3648,"href":"https:\/\/lumosdentalclinic.com\/ro\/wp-json\/wp\/v2\/pages\/921\/revisions\/3648"}],"up":[{"embeddable":true,"href":"https:\/\/lumosdentalclinic.com\/ro\/wp-json\/wp\/v2\/pages\/1054"}],"wp:attachment":[{"href":"https:\/\/lumosdentalclinic.com\/ro\/wp-json\/wp\/v2\/media?parent=921"}],"curies":[{"name":"wp","href":"https:\/\/api.w.org\/{rel}","templated":true}]}}