{"id":934,"date":"2016-10-05T11:37:48","date_gmt":"2016-10-05T11:37:48","guid":{"rendered":"http:\/\/dentalia.orionthemes.com\/demo-1\/?page_id=934"},"modified":"2023-05-03T00:49:03","modified_gmt":"2023-05-03T00:49:03","slug":"smile-makeover","status":"publish","type":"page","link":"https:\/\/lumosdentalclinic.com\/ro\/treatments\/cosmetic-dentistry\/smile-makeover\/","title":{"rendered":"Schimbarea z\u00e2mbetului"},"content":{"rendered":"<div id=\"pl-934\"  class=\"panel-layout\" ><div id=\"pg-934-0\"  class=\"panel-grid panel-has-style\" ><div class=\"divider-no-animation tablet-1-in-row mobile-1-in-row desktop-default custom panel-row-style panel-row-style-for-934-0\" ><div id=\"pgc-934-0-0\"  class=\"panel-grid-cell\" ><div id=\"panel-934-0-0-0\" class=\"so-panel widget widget_orion_before_after_w panel-first-child\" data-index=\"0\" ><div class=\"orion custom default panel-widget-style panel-widget-style-for-934-0-0-0\" ><div\n\t\t\t\n\t\t\tclass=\"so-widget-orion_before_after_w so-widget-orion_before_after_w-base\"\n\t\t\t\n\t\t>\t<div class=\"twentytwenty-container orion-before-after overlay-none overlay-hover-none handle-transparent\" id=\"ba_69d3de8847dea\">\r\n\t\t\t<img decoding=\"async\" src=\"https:\/\/lumosdentalclinic.com\/wp-content\/uploads\/2023\/04\/smilemakeoverBA1.jpg\" \r\n\t\t\tclass=\"before\" \r\n\t\t\t\t\t\t\/>\t\r\n\t\t\t\t\t\t<div class=\"twentytwenty-before before-text wrap absolute\">\r\n\t\t\t\t<span class=\"bg-c1 font-3\">\r\n\t\t\t\tP\u0131na la tratament\t\t\t\t<\/span>\r\n\t\t\t<\/div>\r\n\t\t\t\t\t\t<img decoding=\"async\" src=\"https:\/\/lumosdentalclinic.com\/wp-content\/uploads\/2023\/04\/smilemakeoverBA2.jpg\" class=\"after\" \r\n\t\t\t\t\t\t\/>\r\n\t\t\t\t\t\t<div class=\"twentytwenty-after after-text wrap absolute\">\r\n\t\t\t\t<span class=\"bg-c1 font-3\">\r\n\t\t\t\tDupa Tratament\t\t\t\t<\/span>\r\n\t\t\t<\/div>\r\n\t\t\t\t\t\r\n\t\t<div class=\"overlay\"><\/div>\r\n\t<\/div>\r\n\r\n\t<script>\r\n\tjQuery(window).on('load',function(){\r\n\t\tjQuery(\"#ba_69d3de8847dea\").twentytwenty({\r\n\t\t\tdefault_offset_pct: 0.5, \r\n\t\t\torientation: 'horizontal', \r\n\t\t});\r\n\t});\r\n\t<\/script> <\/div><\/div><\/div><div id=\"panel-934-0-0-1\" class=\"so-panel widget widget_orion_heading_w\" data-index=\"1\" ><div class=\"orion custom mobile-text-center tablets-text-center default panel-widget-style panel-widget-style-for-934-0-0-1\" ><div\n\t\t\t\n\t\t\tclass=\"so-widget-orion_heading_w so-widget-orion_heading_w-base\"\n\t\t\t\n\t\t> \r\n\t\t\t<div class=\"row orion-heading\" style=\"margin-bottom:0px;\">\r\n\t\t<div class=\"col-md-12  separator-style-1 text-left style-h6 style-primary-color\">\r\n\t\t\t<h6 class=\"primary-color\">\r\n\t\t\t\tTransformare a z\u00e2mbetului \u00een Turcia\t\t\t<\/h6>\r\n\t\t<\/div>\r\n\t<\/div>\r\n\r\n\t<\/div><\/div><\/div><div id=\"panel-934-0-0-2\" class=\"so-panel widget widget_orion_heading_w\" data-index=\"2\" ><div class=\"orion custom mobile-text-center tablets-text-center default panel-widget-style panel-widget-style-for-934-0-0-2\" ><div\n\t\t\t\n\t\t\tclass=\"so-widget-orion_heading_w so-widget-orion_heading_w-base\"\n\t\t\t\n\t\t> \r\n\t\t\t<div class=\"row orion-heading\" style=\"margin-bottom:0px;\">\r\n\t\t<div class=\"col-md-12   text-left style-h2 style-text-dark\">\r\n\t\t\t<h2 class=\"text-dark\">\r\n\t\t\t\tSchimbarea z\u00e2mbetului\t\t\t<\/h2>\r\n\t\t<\/div>\r\n\t<\/div>\r\n\r\n\t<\/div><\/div><\/div><div id=\"panel-934-0-0-3\" class=\"so-panel widget widget_sow-editor\" data-index=\"3\" ><div class=\"orion custom mobile-text-center tablets-text-center default panel-widget-style panel-widget-style-for-934-0-0-3\" ><div\n\t\t\t\n\t\t\tclass=\"so-widget-sow-editor so-widget-sow-editor-base\"\n\t\t\t\n\t\t>\n<div class=\"siteorigin-widget-tinymce textwidget\">\n\t<p class=\"lead\"><strong>Smile Makeover \u00een Turcia, cunoscut \u0219i sub numele de design de z\u00e2mbet, este conceput pentru a aborda simultan mai multe imperfec\u021biuni dentare cosmetice sau structurale, cum ar fi goluri, alinierea neuniform\u0103 a din\u021bilor, fracturi etc. Este, de asemenea, procesul de \u00eembun\u0103t\u0103\u021bire a aspectului \u0219i s\u0103n\u0103t\u0103\u021bii din\u021bilor \u0219i gingiilor. printr-o serie de proceduri stomatologice.<\/strong><\/p>\n<p class=\"lead\">Un individ poate deveni mai optimist \u0219i poate c\u00e2\u0219tiga \u00eencredere \u00een sine \u00een ceea ce prive\u0219te estetica facial\u0103, pe baza unor factori precum o adaptare a structurii buzelor la estetica facial\u0103, aranjarea din\u021bilor \u0219i gingiilor \u0219i albirea.<\/p>\n<p class=\"lead\">\u00cen acest context, nivelul buzelor \u0219i gingiilor, lungimea din\u021bilor, alinierea, culoarea din\u021bilor \u0219i armonia buzelor \u0219i a din\u021bilor permit s\u0103 apar\u0103\u00a0un z\u00e2mbet frumos.<\/p>\n<\/div>\n<\/div><\/div><\/div><div id=\"panel-934-0-0-4\" class=\"so-panel widget widget_orion_accordion_w\" data-index=\"4\" ><div class=\"orion custom default panel-widget-style panel-widget-style-for-934-0-0-4\" ><div\n\t\t\t\n\t\t\tclass=\"so-widget-orion_accordion_w so-widget-orion_accordion_w-base\"\n\t\t\t\n\t\t>\t\r\n\r\n\t<div class=\"panel-group\" role=\"tablist\" aria-multiselectable=\"true\" id=\"acc_69d3de8848578\">\r\n\t\t\r\n\t\t\t\t\t\t\t\t\r\n\t\t\t\r\n\t\t<div class=\"panel panel-default\" style=\"border-color:#f2f2f2; background:transparent\">\r\n\t\t\t<div class=\"panel-heading\" role=\"tab\" id=\"HowlongdoesittaketocreateaSmileDesign69d3de884858f\">\r\n\t\t\t\t<h4 class=\"panel-title\">\r\n\t\t\t\t\t<a role=\"button\" data-toggle=\"collapse\" href=\"#HowlongdoesittaketocreateaSmileDesign69d3de884858f-panel\" class=\"collapsed primary-hover\" aria-expanded=\"false\" aria-controls=\"HowlongdoesittaketocreateaSmileDesign69d3de884858f\" data-parent=\"#acc_69d3de8848578\" style=\"border-color:#f2f2f2;\">\r\n\t\t\t\t\t  \t\r\n\t\t\t\t\t  \tC\u00e2t timp dureaz\u0103 crearea unui Smile Design?\t\t\t\t\t<\/a>\r\n\t\t\t\t<\/h4>\r\n\r\n\t\t\t<\/div>\r\n\t\t\t<div class=\"panel-collapse collapse\" id=\"HowlongdoesittaketocreateaSmileDesign69d3de884858f-panel\" aria-expanded=\"false\" role=\"tabpanel\" aria-labelledby=\"HowlongdoesittaketocreateaSmileDesign69d3de884858f\">\r\n\t\t\t\t<div class=\"panel-body\" style=\"border-color:#f2f2f2;\">\r\n\t\t\t\t\t<p>Forma din\u021bilor \u0219i gingiilor poate varia \u00een func\u021bie de starea de s\u0103n\u0103tate a pacientului, iar acest lucru poate afecta timpul necesar pentru diferitele proceduri, deoarece, de asemenea, exist\u0103 multe tipuri diferite \u0219i variate de tratament disponibile \u00een stomatologie \u0219i fiecare va avea un tratament diferit. durat\u0103.<\/p>\n<p>Cu toate acestea, cu cea mai recent\u0103 \u0219i avansat\u0103 tehnologie computerizat\u0103, este posibil s\u0103 proiecta\u021bi \u0219i s\u0103 produce\u021bi un dinte nou intern \u00een doar 30 de minute, permi\u021b\u00e2nd dentistului s\u0103 efectueze repeti\u021bii dentare aproape imediat.<\/p>\n\t\t\t\t<\/div>\r\n\t\t\t<\/div>\r\n\t\t<\/div>\r\n\t\t\t\t\t\t\r\n\t\t\t\r\n\t\t<div class=\"panel panel-default\" style=\"border-color:#f2f2f2; background:transparent\">\r\n\t\t\t<div class=\"panel-heading\" role=\"tab\" id=\"HowmanyvisitsareneededtocompletetheSmileDesignMakeover69d3de8848655\">\r\n\t\t\t\t<h4 class=\"panel-title\">\r\n\t\t\t\t\t<a role=\"button\" data-toggle=\"collapse\" href=\"#HowmanyvisitsareneededtocompletetheSmileDesignMakeover69d3de8848655-panel\" class=\"collapsed primary-hover\" aria-expanded=\"false\" aria-controls=\"HowmanyvisitsareneededtocompletetheSmileDesignMakeover69d3de8848655\" data-parent=\"#acc_69d3de8848578\" style=\"border-color:#f2f2f2;\">\r\n\t\t\t\t\t  \t\r\n\t\t\t\t\t  \tDe c\u00e2te vizite sunt necesare pentru a finaliza Smile Design Makeover?\t\t\t\t\t<\/a>\r\n\t\t\t\t<\/h4>\r\n\r\n\t\t\t<\/div>\r\n\t\t\t<div class=\"panel-collapse collapse\" id=\"HowmanyvisitsareneededtocompletetheSmileDesignMakeover69d3de8848655-panel\" aria-expanded=\"false\" role=\"tabpanel\" aria-labelledby=\"HowmanyvisitsareneededtocompletetheSmileDesignMakeover69d3de8848655\">\r\n\t\t\t\t<div class=\"panel-body\" style=\"border-color:#f2f2f2;\">\r\n\t\t\t\t\t<p>Num\u0103rul de vizite poate varia \u00een func\u021bie de starea actual\u0103 a din\u021bilor pacientului \u0219i de tratamentul selectat.<\/p>\n<p>Deoarece clinica noastr\u0103 folose\u0219te cea mai recent\u0103 tehnologie, echipa noastr\u0103 poate preg\u0103ti o schimbare complet\u0103 a z\u00e2mbetului \u00een doar 4 p\u00e2n\u0103 la 6 zile. Permi\u021b\u00e2nd pacientului s\u0103 se bucure de vacan\u021ba aici, \u00een Turcia.<\/p>\n<p>Iar la sosirea acas\u0103, pacientul le va ar\u0103ta prietenilor cu noul \u0219i uimitor z\u00e2mbet de la Hollywood.<\/p>\n\t\t\t\t<\/div>\r\n\t\t\t<\/div>\r\n\t\t<\/div>\r\n\t\t\t<\/div>\t\r\n\r\n\r\n\r\n\r\n<\/div><\/div><\/div><div id=\"panel-934-0-0-5\" class=\"so-panel widget widget_orion_empty_space_w panel-last-child\" data-index=\"5\" ><div class=\"orion custom default panel-widget-style panel-widget-style-for-934-0-0-5\" ><div\n\t\t\t\n\t\t\tclass=\"so-widget-orion_empty_space_w so-widget-orion_empty_space_w-base\"\n\t\t\t\n\t\t>\t<div class=\"row empty-space visible-sm visible-xs\" style=\"height:24px;\">\r\n\t<\/div><\/div><\/div><\/div><\/div><div id=\"pgc-934-0-1\"  class=\"panel-grid-cell\" ><div id=\"panel-934-0-1-0\" class=\"so-panel widget widget_orion_image_w panel-first-child panel-last-child\" data-index=\"6\" ><div class=\"orion custom mobile-text-center tablets-text-center default panel-widget-style panel-widget-style-for-934-0-1-0\" ><div\n\t\t\t\n\t\t\tclass=\"so-widget-orion_image_w so-widget-orion_image_w-base\"\n\t\t\t\n\t\t>\r\n<div class=\"image-w relative rounded\">\r\n\r\n\t\t\t\t\t\t\t<div class=\"orion_circle image-wrap rounded overlay-greyscale overlay-hover-none\">\r\n\t\t\r\n\t\t\t\t<div class=\"circle-wrap\">\r\n\t\t\t\t\t<img loading=\"lazy\" decoding=\"async\" width=\"750\" height=\"750\" src=\"https:\/\/lumosdentalclinic.com\/wp-content\/uploads\/2023\/04\/Smiledesign-750x750.jpg\" class=\"attachment-orion_square size-orion_square\" alt=\"\" \/>\t\t\t<div class=\"overlay\"><\/div>\r\n\t\t\t\t<\/div>\r\n\t\t\r\n\t\t\t\t\t<\/div>\r\n\t\t\t\r\n\t\r\n\t<div class=\"absolute\">\r\n\t\t<div class=\"hover-desc table-wrap\">\r\n\t\t\t<div class=\"cell-wrap\">\r\n\t\t\t\t<h4 class=\"text-light\"><\/h4>\r\n\t\t\t<\/div>\r\n\t\t<\/div>\r\n\t<\/div>\t\t\t\t\t\r\n<\/div>\r\n\r\n<\/div><\/div><\/div><\/div><\/div><\/div><div id=\"pg-934-1\"  class=\"panel-grid panel-has-style\" ><div class=\"siteorigin-panels-stretch divider-no-animation tablet-1-in-row mobile-1-in-row desktop-default text-dark overlay-c3 orion-collapse-below-lg custom panel-row-style panel-row-style-for-934-1\" data-stretch-type=\"full-stretched\" data-svg-bottom-color=\"#f8f8f8\" data-svg-top-color=\"#f8f8f8\" ><div id=\"pgc-934-1-0\"  class=\"panel-grid-cell\" ><div class=\"custom panel-cell-style panel-cell-style-for-934-1-0\" ><div id=\"panel-934-1-0-0\" class=\"so-panel widget widget_orion_empty_space_w panel-first-child panel-last-child\" data-index=\"7\" ><div class=\"orion default panel-widget-style panel-widget-style-for-934-1-0-0\" ><div\n\t\t\t\n\t\t\tclass=\"so-widget-orion_empty_space_w so-widget-orion_empty_space_w-base\"\n\t\t\t\n\t\t>\t<div class=\"row empty-space visible-lg visible-md\" style=\"height:360px;\">\r\n\t<\/div><\/div><\/div><\/div><\/div><\/div><div id=\"pgc-934-1-1\"  class=\"panel-grid-cell\" ><div class=\"custom panel-cell-style panel-cell-style-for-934-1-1\" ><div id=\"panel-934-1-1-0\" class=\"so-panel widget widget_orion_icon_text_w panel-first-child panel-last-child\" data-index=\"8\" ><div class=\"orion custom default panel-widget-style panel-widget-style-for-934-1-1-0\" ><div\n\t\t\t\n\t\t\tclass=\"so-widget-orion_icon_text_w so-widget-orion_icon_text_w-base\"\n\t\t\t\n\t\t>\r\n<div class=\"row icon-box-items-wrap grid icon-top\">\r\n \r\n\t\r\n\t\t\r\n\t\t\r\n\t\t\t\t\r\n\t\t\r\n\t\t<div class=\"icon-box-wrap clearfix col-lg-6 col-sm-6 text-light\" style=\"margin-bottom:60px;\">\t\t\r\n\r\n\t\t\t\t\t\t\t\t\t\t<div class=\"icon-wrap relative simple\">\r\n\t\t\t\t\t<span class=\"sow-icon-dentalicons\" data-sow-icon=\"&#xe813;\"\n\t\tstyle=\"color: #ffffff\" \n\t\taria-hidden=\"true\"><\/span>\t\t\t\t\t\t\t\t\t<\/div>\r\n\t\t\t\r\n\t\t\t<h4 class=\"item-title h6\">Aspect natural<\/h4>\t\t\t\r\n\r\n\t\t\t\t\t\t<span class=\"description\">Personalizat pentru a se potrivi cu din\u021bii t\u0103i.<\/span>\r\n\t\t\t\r\n\t\t<\/div>\r\n\t\r\n\t\t\r\n\t\t\r\n\t\t\t\t\r\n\t\t\r\n\t\t<div class=\"icon-box-wrap clearfix col-lg-6 col-sm-6 text-light\" style=\"margin-bottom:60px;\">\t\t\r\n\r\n\t\t\t\t\t\t\t\t\t\t<div class=\"icon-wrap relative simple\">\r\n\t\t\t\t\t<span class=\"sow-icon-dentalicons\" data-sow-icon=\"&#xe801;\"\n\t\tstyle=\"color: #ffffff\" \n\t\taria-hidden=\"true\"><\/span>\t\t\t\t\t\t\t\t\t<\/div>\r\n\t\t\t\r\n\t\t\t<h4 class=\"item-title h6\">Fara durere<\/h4>\t\t\t\r\n\r\n\t\t\t\t\t\t<span class=\"description\">Nicio durere nu este implicat\u0103 \u00een procedur\u0103.<\/span>\r\n\t\t\t\r\n\t\t<\/div>\r\n\t\r\n\t\t\r\n\t\t\r\n\t\t\t\t\r\n\t\t\r\n\t\t<div class=\"icon-box-wrap clearfix col-lg-6 col-sm-6 text-light\" style=\"margin-bottom:60px;\">\t\t\r\n\r\n\t\t\t\t\t\t\t\t\t\t<div class=\"icon-wrap relative simple\">\r\n\t\t\t\t\t<span class=\"sow-icon-dentalicons\" data-sow-icon=\"&#xe80c;\"\n\t\tstyle=\"color: #ffffff\" \n\t\taria-hidden=\"true\"><\/span>\t\t\t\t\t\t\t\t\t<\/div>\r\n\t\t\t\r\n\t\t\t<h4 class=\"item-title h6\">Rezistent la murdarie<\/h4>\t\t\t\r\n\r\n\t\t\t\t\t\t<span class=\"description\">Extrem de rezistent la pete.<\/span>\r\n\t\t\t\r\n\t\t<\/div>\r\n\t\r\n\t\t\r\n\t\t\r\n\t\t\t\t\r\n\t\t\r\n\t\t<div class=\"icon-box-wrap clearfix col-lg-6 col-sm-6 text-light\" style=\"margin-bottom:60px;\">\t\t\r\n\r\n\t\t\t\t\t\t\t\t\t\t<div class=\"icon-wrap relative simple\">\r\n\t\t\t\t\t<span class=\"sow-icon-dentalicons\" data-sow-icon=\"&#xe816;\"\n\t\tstyle=\"color: #ffffff\" \n\t\taria-hidden=\"true\"><\/span>\t\t\t\t\t\t\t\t\t<\/div>\r\n\t\t\t\r\n\t\t\t<h4 class=\"item-title h6\">De lung\u0103 durat\u0103<\/h4>\t\t\t\r\n\r\n\t\t\t\t\t\t<span class=\"description\">Fa\u021betele de por\u021belan pot dura toat\u0103 via\u021ba.<\/span>\r\n\t\t\t\r\n\t\t<\/div>\r\n\t\r\n<\/div><\/div><\/div><\/div><\/div><\/div><\/div><\/div><\/div>","protected":false},"excerpt":{"rendered":"<p>Fa\u021betele sunt o solu\u021bie cosmetic\u0103 ideal\u0103 pentru to\u021bi cei care \u00ee\u0219i doresc un z\u00e2mbet frumos cu invazii minime \u00een din\u021bi.<\/p>","protected":false},"author":1,"featured_media":0,"parent":1054,"menu_order":0,"comment_status":"closed","ping_status":"closed","template":"","meta":{"footnotes":""},"class_list":["post-934","page","type-page","status-publish","hentry"],"yoast_head":"<!-- This site is optimized with the Yoast SEO Premium plugin v20.2.1 (Yoast SEO v27.0) - https:\/\/yoast.com\/product\/yoast-seo-premium-wordpress\/ -->\n<title>Smile Makeover - Lumos Dental Clinic - Dental Centre Turkey<\/title>\n<meta name=\"robots\" content=\"index, follow, max-snippet:-1, max-image-preview:large, max-video-preview:-1\" \/>\n<link rel=\"canonical\" href=\"https:\/\/lumosdentalclinic.com\/ro\/treatments\/cosmetic-dentistry\/smile-makeover\/\" \/>\n<meta property=\"og:locale\" content=\"ro_RO\" \/>\n<meta property=\"og:type\" content=\"article\" \/>\n<meta property=\"og:title\" content=\"Smile Makeover\" \/>\n<meta property=\"og:description\" content=\"Veneers are an ideal cosmetic solution for everyone who desires a beautiful smile with minimal invasions into their teeth.\" \/>\n<meta property=\"og:url\" content=\"https:\/\/lumosdentalclinic.com\/ro\/treatments\/cosmetic-dentistry\/smile-makeover\/\" \/>\n<meta property=\"og:site_name\" content=\"Lumos Dental Clinic - Dental Centre Turkey\" \/>\n<meta property=\"article:publisher\" content=\"https:\/\/www.facebook.com\/lumosdentalstudio\" \/>\n<meta property=\"article:modified_time\" content=\"2023-05-03T00:49:03+00:00\" \/>\n<meta property=\"og:image\" content=\"https:\/\/lumosdentalclinic.com\/wp-content\/uploads\/2023\/08\/cropped-Lumos.png\" \/>\n\t<meta property=\"og:image:width\" content=\"512\" \/>\n\t<meta property=\"og:image:height\" content=\"512\" \/>\n\t<meta property=\"og:image:type\" content=\"image\/png\" \/>\n<meta name=\"twitter:card\" content=\"summary_large_image\" \/>\n<meta name=\"twitter:label1\" content=\"Timp estimat pentru citire\" \/>\n\t<meta name=\"twitter:data1\" content=\"1 minut\" \/>\n<script type=\"application\/ld+json\" class=\"yoast-schema-graph\">{\"@context\":\"https:\/\/schema.org\",\"@graph\":[{\"@type\":\"WebPage\",\"@id\":\"https:\/\/lumosdentalclinic.com\/treatments\/cosmetic-dentistry\/smile-makeover\/\",\"url\":\"https:\/\/lumosdentalclinic.com\/treatments\/cosmetic-dentistry\/smile-makeover\/\",\"name\":\"Smile Makeover - Lumos Dental Clinic - Dental Centre Turkey\",\"isPartOf\":{\"@id\":\"https:\/\/lumosdentalclinic.com\/#website\"},\"datePublished\":\"2016-10-05T11:37:48+00:00\",\"dateModified\":\"2023-05-03T00:49:03+00:00\",\"breadcrumb\":{\"@id\":\"https:\/\/lumosdentalclinic.com\/treatments\/cosmetic-dentistry\/smile-makeover\/#breadcrumb\"},\"inLanguage\":\"ro-RO\",\"potentialAction\":[{\"@type\":\"ReadAction\",\"target\":[\"https:\/\/lumosdentalclinic.com\/treatments\/cosmetic-dentistry\/smile-makeover\/\"]}]},{\"@type\":\"BreadcrumbList\",\"@id\":\"https:\/\/lumosdentalclinic.com\/treatments\/cosmetic-dentistry\/smile-makeover\/#breadcrumb\",\"itemListElement\":[{\"@type\":\"ListItem\",\"position\":1,\"name\":\"Home\",\"item\":\"https:\/\/lumosdentalclinic.com\/\"},{\"@type\":\"ListItem\",\"position\":2,\"name\":\"Treatments\",\"item\":\"https:\/\/lumosdentalclinic.com\/treatments\/\"},{\"@type\":\"ListItem\",\"position\":3,\"name\":\"Cosmetic Dentistry\",\"item\":\"https:\/\/lumosdentalclinic.com\/treatments\/cosmetic-dentistry\/\"},{\"@type\":\"ListItem\",\"position\":4,\"name\":\"Smile Makeover\"}]},{\"@type\":\"WebSite\",\"@id\":\"https:\/\/lumosdentalclinic.com\/#website\",\"url\":\"https:\/\/lumosdentalclinic.com\/\",\"name\":\"Lumos Dental Clinic - Dental Centre Turkey\",\"description\":\"Better Smile With Us\",\"publisher\":{\"@id\":\"https:\/\/lumosdentalclinic.com\/#organization\"},\"alternateName\":\"We offer comprehensive services from all fields of dentistry. In addition to high-end dental equipment, all services are provided in a comfortable, luxury environment. New patients are welcomed with a complimentary oral health consultation.\",\"potentialAction\":[{\"@type\":\"SearchAction\",\"target\":{\"@type\":\"EntryPoint\",\"urlTemplate\":\"https:\/\/lumosdentalclinic.com\/?s={search_term_string}\"},\"query-input\":{\"@type\":\"PropertyValueSpecification\",\"valueRequired\":true,\"valueName\":\"search_term_string\"}}],\"inLanguage\":\"ro-RO\"},{\"@type\":\"Organization\",\"@id\":\"https:\/\/lumosdentalclinic.com\/#organization\",\"name\":\"Lumos Dental Clinic - Dental Centre Turkey\",\"alternateName\":\"We offer comprehensive services from all fields of dentistry. In addition to high-end dental equipment, all services are provided in a comfortable, luxury environment. New patients are welcomed with a complimentary oral health consultation.\",\"url\":\"https:\/\/lumosdentalclinic.com\/\",\"logo\":{\"@type\":\"ImageObject\",\"inLanguage\":\"ro-RO\",\"@id\":\"https:\/\/lumosdentalclinic.com\/#\/schema\/logo\/image\/\",\"url\":\"https:\/\/lumosdentalclinic.com\/wp-content\/uploads\/2023\/08\/cropped-Lumos.png\",\"contentUrl\":\"https:\/\/lumosdentalclinic.com\/wp-content\/uploads\/2023\/08\/cropped-Lumos.png\",\"width\":512,\"height\":512,\"caption\":\"Lumos Dental Clinic - Dental Centre Turkey\"},\"image\":{\"@id\":\"https:\/\/lumosdentalclinic.com\/#\/schema\/logo\/image\/\"},\"sameAs\":[\"https:\/\/www.facebook.com\/lumosdentalstudio\",\"https:\/\/www.instagram.com\/lumosdentalclinic\"]}]}<\/script>\n<!-- \/ Yoast SEO Premium plugin. -->","yoast_head_json":{"title":"Transformare Z\u00e2mbet - Clinica Stomatologic\u0103 Lumos - Centru Stomatologic Turcia","robots":{"index":"index","follow":"follow","max-snippet":"max-snippet:-1","max-image-preview":"max-image-preview:large","max-video-preview":"max-video-preview:-1"},"canonical":"https:\/\/lumosdentalclinic.com\/ro\/treatments\/cosmetic-dentistry\/smile-makeover\/","og_locale":"ro_RO","og_type":"article","og_title":"Smile Makeover","og_description":"Veneers are an ideal cosmetic solution for everyone who desires a beautiful smile with minimal invasions into their teeth.","og_url":"https:\/\/lumosdentalclinic.com\/ro\/treatments\/cosmetic-dentistry\/smile-makeover\/","og_site_name":"Lumos Dental Clinic - Dental Centre Turkey","article_publisher":"https:\/\/www.facebook.com\/lumosdentalstudio","article_modified_time":"2023-05-03T00:49:03+00:00","og_image":[{"width":512,"height":512,"url":"https:\/\/lumosdentalclinic.com\/wp-content\/uploads\/2023\/08\/cropped-Lumos.png","type":"image\/png"}],"twitter_card":"summary_large_image","twitter_misc":{"Timp estimat pentru citire":"1 minut"},"schema":{"@context":"https:\/\/schema.org","@graph":[{"@type":"WebPage","@id":"https:\/\/lumosdentalclinic.com\/treatments\/cosmetic-dentistry\/smile-makeover\/","url":"https:\/\/lumosdentalclinic.com\/treatments\/cosmetic-dentistry\/smile-makeover\/","name":"Transformare Z\u00e2mbet - Clinica Stomatologic\u0103 Lumos - Centru Stomatologic Turcia","isPartOf":{"@id":"https:\/\/lumosdentalclinic.com\/#website"},"datePublished":"2016-10-05T11:37:48+00:00","dateModified":"2023-05-03T00:49:03+00:00","breadcrumb":{"@id":"https:\/\/lumosdentalclinic.com\/treatments\/cosmetic-dentistry\/smile-makeover\/#breadcrumb"},"inLanguage":"ro-RO","potentialAction":[{"@type":"ReadAction","target":["https:\/\/lumosdentalclinic.com\/treatments\/cosmetic-dentistry\/smile-makeover\/"]}]},{"@type":"BreadcrumbList","@id":"https:\/\/lumosdentalclinic.com\/treatments\/cosmetic-dentistry\/smile-makeover\/#breadcrumb","itemListElement":[{"@type":"ListItem","position":1,"name":"Home","item":"https:\/\/lumosdentalclinic.com\/"},{"@type":"ListItem","position":2,"name":"Treatments","item":"https:\/\/lumosdentalclinic.com\/treatments\/"},{"@type":"ListItem","position":3,"name":"Cosmetic Dentistry","item":"https:\/\/lumosdentalclinic.com\/treatments\/cosmetic-dentistry\/"},{"@type":"ListItem","position":4,"name":"Smile Makeover"}]},{"@type":"WebSite","@id":"https:\/\/lumosdentalclinic.com\/#website","url":"https:\/\/lumosdentalclinic.com\/","name":"Clinica Stomatologic\u0103 Lumos - Centru Stomatologic Turcia","description":"Z\u00e2mbet mai bun cu noi","publisher":{"@id":"https:\/\/lumosdentalclinic.com\/#organization"},"alternateName":"We offer comprehensive services from all fields of dentistry. In addition to high-end dental equipment, all services are provided in a comfortable, luxury environment. New patients are welcomed with a complimentary oral health consultation.","potentialAction":[{"@type":"SearchAction","target":{"@type":"EntryPoint","urlTemplate":"https:\/\/lumosdentalclinic.com\/?s={search_term_string}"},"query-input":{"@type":"PropertyValueSpecification","valueRequired":true,"valueName":"search_term_string"}}],"inLanguage":"ro-RO"},{"@type":"Organization","@id":"https:\/\/lumosdentalclinic.com\/#organization","name":"Clinica Stomatologic\u0103 Lumos - Centru Stomatologic Turcia","alternateName":"We offer comprehensive services from all fields of dentistry. In addition to high-end dental equipment, all services are provided in a comfortable, luxury environment. New patients are welcomed with a complimentary oral health consultation.","url":"https:\/\/lumosdentalclinic.com\/","logo":{"@type":"ImageObject","inLanguage":"ro-RO","@id":"https:\/\/lumosdentalclinic.com\/#\/schema\/logo\/image\/","url":"https:\/\/lumosdentalclinic.com\/wp-content\/uploads\/2023\/08\/cropped-Lumos.png","contentUrl":"https:\/\/lumosdentalclinic.com\/wp-content\/uploads\/2023\/08\/cropped-Lumos.png","width":512,"height":512,"caption":"Lumos Dental Clinic - Dental Centre Turkey"},"image":{"@id":"https:\/\/lumosdentalclinic.com\/#\/schema\/logo\/image\/"},"sameAs":["https:\/\/www.facebook.com\/lumosdentalstudio","https:\/\/www.instagram.com\/lumosdentalclinic"]}]}},"_links":{"self":[{"href":"https:\/\/lumosdentalclinic.com\/ro\/wp-json\/wp\/v2\/pages\/934","targetHints":{"allow":["GET"]}}],"collection":[{"href":"https:\/\/lumosdentalclinic.com\/ro\/wp-json\/wp\/v2\/pages"}],"about":[{"href":"https:\/\/lumosdentalclinic.com\/ro\/wp-json\/wp\/v2\/types\/page"}],"author":[{"embeddable":true,"href":"https:\/\/lumosdentalclinic.com\/ro\/wp-json\/wp\/v2\/users\/1"}],"replies":[{"embeddable":true,"href":"https:\/\/lumosdentalclinic.com\/ro\/wp-json\/wp\/v2\/comments?post=934"}],"version-history":[{"count":15,"href":"https:\/\/lumosdentalclinic.com\/ro\/wp-json\/wp\/v2\/pages\/934\/revisions"}],"predecessor-version":[{"id":3345,"href":"https:\/\/lumosdentalclinic.com\/ro\/wp-json\/wp\/v2\/pages\/934\/revisions\/3345"}],"up":[{"embeddable":true,"href":"https:\/\/lumosdentalclinic.com\/ro\/wp-json\/wp\/v2\/pages\/1054"}],"wp:attachment":[{"href":"https:\/\/lumosdentalclinic.com\/ro\/wp-json\/wp\/v2\/media?parent=934"}],"curies":[{"name":"wp","href":"https:\/\/api.w.org\/{rel}","templated":true}]}}