{"id":1232,"date":"2016-10-13T12:01:13","date_gmt":"2016-10-13T12:01:13","guid":{"rendered":"http:\/\/dentalia.orionthemes.com\/demo-1\/?page_id=1232"},"modified":"2023-05-03T00:47:49","modified_gmt":"2023-05-03T00:47:49","slug":"before-after-slider","status":"publish","type":"page","link":"https:\/\/lumosdentalclinic.com\/tr\/before-after-slider\/","title":{"rendered":"Before &#038; After Slider"},"content":{"rendered":"<div id=\"pl-1232\"  class=\"panel-layout\" ><div id=\"pg-1232-0\"  class=\"panel-grid panel-has-style\" ><div class=\"divider-no-animation tablet-default mobile-1-in-row desktop-default panel-row-style panel-row-style-for-1232-0\" ><div id=\"pgc-1232-0-0\"  class=\"panel-grid-cell\" ><div id=\"panel-1232-0-0-0\" class=\"so-panel widget widget_orion_before_after_w panel-first-child panel-last-child\" data-index=\"0\" ><div class=\"orion custom default panel-widget-style panel-widget-style-for-1232-0-0-0\" ><div\n\t\t\t\n\t\t\tclass=\"so-widget-orion_before_after_w so-widget-orion_before_after_w-base\"\n\t\t\t\n\t\t>\t<div class=\"twentytwenty-container orion-before-after overlay-none overlay-hover-none handle-transparent\" id=\"ba_69df08a6d5a6f\">\r\n\t\t\t<img decoding=\"async\" src=\"https:\/\/lumosdentalclinic.com\/wp-content\/uploads\/2020\/09\/dentalia-placeholder-img-1.jpg\" \r\n\t\t\tclass=\"before\" \r\n\t\t\t\t\t\t\/>\t\r\n\t\t\t\t\t\t<img decoding=\"async\" src=\"https:\/\/lumosdentalclinic.com\/wp-content\/uploads\/2020\/09\/dentalia-placeholder-img-2.jpg\" class=\"after\" \r\n\t\t\t\t\t\t\/>\r\n\t\t\t\t\t\r\n\t\t<div class=\"overlay\"><\/div>\r\n\t<\/div>\r\n\r\n\t<script>\r\n\tjQuery(window).on('load',function(){\r\n\t\tjQuery(\"#ba_69df08a6d5a6f\").twentytwenty({\r\n\t\t\tdefault_offset_pct: 0.5, \r\n\t\t\torientation: 'horizontal', \r\n\t\t});\r\n\t});\r\n\t<\/script> <\/div><\/div><\/div><\/div><div id=\"pgc-1232-0-1\"  class=\"panel-grid-cell\" ><div id=\"panel-1232-0-1-0\" class=\"so-panel widget widget_orion_before_after_w panel-first-child panel-last-child\" data-index=\"1\" ><div class=\"orion custom default panel-widget-style panel-widget-style-for-1232-0-1-0\" ><div\n\t\t\t\n\t\t\tclass=\"so-widget-orion_before_after_w so-widget-orion_before_after_w-base\"\n\t\t\t\n\t\t>\t<div class=\"twentytwenty-container orion-before-after overlay-none overlay-hover-none handle-transparent\" id=\"ba_69df08a6d5b5b\">\r\n\t\t\t<img decoding=\"async\" src=\"https:\/\/lumosdentalclinic.com\/wp-content\/uploads\/2020\/09\/dentalia-placeholder-img-2.jpg\" \r\n\t\t\tclass=\"before\" \r\n\t\t\t\t\t\t\/>\t\r\n\t\t\t\t\t\t<img decoding=\"async\" src=\"https:\/\/lumosdentalclinic.com\/wp-content\/uploads\/2020\/09\/dentalia-placeholder-img-1.jpg\" class=\"after\" \r\n\t\t\t\t\t\t\/>\r\n\t\t\t\t\t\r\n\t\t<div class=\"overlay\"><\/div>\r\n\t<\/div>\r\n\r\n\t<script>\r\n\tjQuery(window).on('load',function(){\r\n\t\tjQuery(\"#ba_69df08a6d5b5b\").twentytwenty({\r\n\t\t\tdefault_offset_pct: 0.5, \r\n\t\t\torientation: 'vertical', \r\n\t\t});\r\n\t});\r\n\t<\/script> <\/div><\/div><\/div><\/div><\/div><\/div><\/div>","protected":false},"excerpt":{"rendered":"","protected":false},"author":1,"featured_media":0,"parent":0,"menu_order":0,"comment_status":"closed","ping_status":"closed","template":"","meta":{"footnotes":""},"class_list":["post-1232","page","type-page","status-publish","hentry"],"yoast_head":"<!-- This site is optimized with the Yoast SEO Premium plugin v20.2.1 (Yoast SEO v27.3) - https:\/\/yoast.com\/product\/yoast-seo-premium-wordpress\/ -->\n<title>Before &amp; After Slider - Lumos Dental Clinic - Dental Centre Turkey<\/title>\n<meta name=\"robots\" content=\"index, follow, max-snippet:-1, max-image-preview:large, max-video-preview:-1\" \/>\n<link rel=\"canonical\" href=\"https:\/\/lumosdentalclinic.com\/tr\/before-after-slider\/\" \/>\n<meta property=\"og:locale\" content=\"tr_TR\" \/>\n<meta property=\"og:type\" content=\"article\" \/>\n<meta property=\"og:title\" content=\"Before &amp; After Slider\" \/>\n<meta property=\"og:url\" content=\"https:\/\/lumosdentalclinic.com\/tr\/before-after-slider\/\" \/>\n<meta property=\"og:site_name\" content=\"Lumos Dental Clinic - Dental Centre Turkey\" \/>\n<meta property=\"article:publisher\" content=\"https:\/\/www.facebook.com\/lumosdentalstudio\" \/>\n<meta property=\"article:modified_time\" content=\"2023-05-03T00:47:49+00:00\" \/>\n<meta property=\"og:image\" content=\"https:\/\/lumosdentalclinic.com\/wp-content\/uploads\/2023\/08\/cropped-Lumos.png\" \/>\n\t<meta property=\"og:image:width\" content=\"512\" \/>\n\t<meta property=\"og:image:height\" content=\"512\" \/>\n\t<meta property=\"og:image:type\" content=\"image\/png\" \/>\n<meta name=\"twitter:card\" content=\"summary_large_image\" \/>\n<script type=\"application\/ld+json\" class=\"yoast-schema-graph\">{\"@context\":\"https:\\\/\\\/schema.org\",\"@graph\":[{\"@type\":\"WebPage\",\"@id\":\"https:\\\/\\\/lumosdentalclinic.com\\\/tr\\\/before-after-slider\\\/\",\"url\":\"https:\\\/\\\/lumosdentalclinic.com\\\/tr\\\/before-after-slider\\\/\",\"name\":\"Before & After Slider - Lumos Dental Clinic - Dental Centre Turkey\",\"isPartOf\":{\"@id\":\"https:\\\/\\\/orchid-koala-586867.hostingersite.com\\\/#website\"},\"datePublished\":\"2016-10-13T12:01:13+00:00\",\"dateModified\":\"2023-05-03T00:47:49+00:00\",\"breadcrumb\":{\"@id\":\"https:\\\/\\\/lumosdentalclinic.com\\\/tr\\\/before-after-slider\\\/#breadcrumb\"},\"inLanguage\":\"tr\",\"potentialAction\":[{\"@type\":\"ReadAction\",\"target\":[\"https:\\\/\\\/lumosdentalclinic.com\\\/tr\\\/before-after-slider\\\/\"]}]},{\"@type\":\"BreadcrumbList\",\"@id\":\"https:\\\/\\\/lumosdentalclinic.com\\\/tr\\\/before-after-slider\\\/#breadcrumb\",\"itemListElement\":[{\"@type\":\"ListItem\",\"position\":1,\"name\":\"Home\",\"item\":\"https:\\\/\\\/orchid-koala-586867.hostingersite.com\\\/\"},{\"@type\":\"ListItem\",\"position\":2,\"name\":\"Before &#038; After Slider\"}]},{\"@type\":\"WebSite\",\"@id\":\"https:\\\/\\\/orchid-koala-586867.hostingersite.com\\\/#website\",\"url\":\"https:\\\/\\\/orchid-koala-586867.hostingersite.com\\\/\",\"name\":\"Lumos Dental Clinic - Dental Centre Turkey\",\"description\":\"Better Smile With Us\",\"publisher\":{\"@id\":\"https:\\\/\\\/orchid-koala-586867.hostingersite.com\\\/#organization\"},\"alternateName\":\"We offer comprehensive services from all fields of dentistry. In addition to high-end dental equipment, all services are provided in a comfortable, luxury environment. New patients are welcomed with a complimentary oral health consultation.\",\"potentialAction\":[{\"@type\":\"SearchAction\",\"target\":{\"@type\":\"EntryPoint\",\"urlTemplate\":\"https:\\\/\\\/orchid-koala-586867.hostingersite.com\\\/?s={search_term_string}\"},\"query-input\":{\"@type\":\"PropertyValueSpecification\",\"valueRequired\":true,\"valueName\":\"search_term_string\"}}],\"inLanguage\":\"tr\"},{\"@type\":\"Organization\",\"@id\":\"https:\\\/\\\/orchid-koala-586867.hostingersite.com\\\/#organization\",\"name\":\"Lumos Dental Clinic - Dental Centre Turkey\",\"alternateName\":\"We offer comprehensive services from all fields of dentistry. In addition to high-end dental equipment, all services are provided in a comfortable, luxury environment. New patients are welcomed with a complimentary oral health consultation.\",\"url\":\"https:\\\/\\\/orchid-koala-586867.hostingersite.com\\\/\",\"logo\":{\"@type\":\"ImageObject\",\"inLanguage\":\"tr\",\"@id\":\"https:\\\/\\\/orchid-koala-586867.hostingersite.com\\\/#\\\/schema\\\/logo\\\/image\\\/\",\"url\":\"https:\\\/\\\/orchid-koala-586867.hostingersite.com\\\/wp-content\\\/uploads\\\/2023\\\/08\\\/cropped-Lumos.png\",\"contentUrl\":\"https:\\\/\\\/orchid-koala-586867.hostingersite.com\\\/wp-content\\\/uploads\\\/2023\\\/08\\\/cropped-Lumos.png\",\"width\":512,\"height\":512,\"caption\":\"Lumos Dental Clinic - Dental Centre Turkey\"},\"image\":{\"@id\":\"https:\\\/\\\/orchid-koala-586867.hostingersite.com\\\/#\\\/schema\\\/logo\\\/image\\\/\"},\"sameAs\":[\"https:\\\/\\\/www.facebook.com\\\/lumosdentalstudio\",\"https:\\\/\\\/www.instagram.com\\\/lumosdentalclinic\"]}]}<\/script>\n<!-- \/ Yoast SEO Premium plugin. -->","yoast_head_json":{"title":"Before & After Slider - Lumos Dental Clinic - Dental Centre Turkey","robots":{"index":"index","follow":"follow","max-snippet":"max-snippet:-1","max-image-preview":"max-image-preview:large","max-video-preview":"max-video-preview:-1"},"canonical":"https:\/\/lumosdentalclinic.com\/tr\/before-after-slider\/","og_locale":"tr_TR","og_type":"article","og_title":"Before & After Slider","og_url":"https:\/\/lumosdentalclinic.com\/tr\/before-after-slider\/","og_site_name":"Lumos Dental Clinic - Dental Centre Turkey","article_publisher":"https:\/\/www.facebook.com\/lumosdentalstudio","article_modified_time":"2023-05-03T00:47:49+00:00","og_image":[{"width":512,"height":512,"url":"https:\/\/lumosdentalclinic.com\/wp-content\/uploads\/2023\/08\/cropped-Lumos.png","type":"image\/png"}],"twitter_card":"summary_large_image","schema":{"@context":"https:\/\/schema.org","@graph":[{"@type":"WebPage","@id":"https:\/\/lumosdentalclinic.com\/tr\/before-after-slider\/","url":"https:\/\/lumosdentalclinic.com\/tr\/before-after-slider\/","name":"Before & After Slider - Lumos Dental Clinic - Dental Centre Turkey","isPartOf":{"@id":"https:\/\/orchid-koala-586867.hostingersite.com\/#website"},"datePublished":"2016-10-13T12:01:13+00:00","dateModified":"2023-05-03T00:47:49+00:00","breadcrumb":{"@id":"https:\/\/lumosdentalclinic.com\/tr\/before-after-slider\/#breadcrumb"},"inLanguage":"tr","potentialAction":[{"@type":"ReadAction","target":["https:\/\/lumosdentalclinic.com\/tr\/before-after-slider\/"]}]},{"@type":"BreadcrumbList","@id":"https:\/\/lumosdentalclinic.com\/tr\/before-after-slider\/#breadcrumb","itemListElement":[{"@type":"ListItem","position":1,"name":"Home","item":"https:\/\/orchid-koala-586867.hostingersite.com\/"},{"@type":"ListItem","position":2,"name":"Before &#038; After Slider"}]},{"@type":"WebSite","@id":"https:\/\/orchid-koala-586867.hostingersite.com\/#website","url":"https:\/\/orchid-koala-586867.hostingersite.com\/","name":"Lumos Di\u015f Klini\u011fi - Di\u015f Merkezi T\u00fcrkiye","description":"Better Smile With Us","publisher":{"@id":"https:\/\/orchid-koala-586867.hostingersite.com\/#organization"},"alternateName":"We offer comprehensive services from all fields of dentistry. In addition to high-end dental equipment, all services are provided in a comfortable, luxury environment. New patients are welcomed with a complimentary oral health consultation.","potentialAction":[{"@type":"SearchAction","target":{"@type":"EntryPoint","urlTemplate":"https:\/\/orchid-koala-586867.hostingersite.com\/?s={search_term_string}"},"query-input":{"@type":"PropertyValueSpecification","valueRequired":true,"valueName":"search_term_string"}}],"inLanguage":"tr"},{"@type":"Organization","@id":"https:\/\/orchid-koala-586867.hostingersite.com\/#organization","name":"Lumos Di\u015f Klini\u011fi - Di\u015f Merkezi T\u00fcrkiye","alternateName":"We offer comprehensive services from all fields of dentistry. In addition to high-end dental equipment, all services are provided in a comfortable, luxury environment. New patients are welcomed with a complimentary oral health consultation.","url":"https:\/\/orchid-koala-586867.hostingersite.com\/","logo":{"@type":"ImageObject","inLanguage":"tr","@id":"https:\/\/orchid-koala-586867.hostingersite.com\/#\/schema\/logo\/image\/","url":"https:\/\/orchid-koala-586867.hostingersite.com\/wp-content\/uploads\/2023\/08\/cropped-Lumos.png","contentUrl":"https:\/\/orchid-koala-586867.hostingersite.com\/wp-content\/uploads\/2023\/08\/cropped-Lumos.png","width":512,"height":512,"caption":"Lumos Dental Clinic - Dental Centre Turkey"},"image":{"@id":"https:\/\/orchid-koala-586867.hostingersite.com\/#\/schema\/logo\/image\/"},"sameAs":["https:\/\/www.facebook.com\/lumosdentalstudio","https:\/\/www.instagram.com\/lumosdentalclinic"]}]}},"_links":{"self":[{"href":"https:\/\/lumosdentalclinic.com\/tr\/wp-json\/wp\/v2\/pages\/1232","targetHints":{"allow":["GET"]}}],"collection":[{"href":"https:\/\/lumosdentalclinic.com\/tr\/wp-json\/wp\/v2\/pages"}],"about":[{"href":"https:\/\/lumosdentalclinic.com\/tr\/wp-json\/wp\/v2\/types\/page"}],"author":[{"embeddable":true,"href":"https:\/\/lumosdentalclinic.com\/tr\/wp-json\/wp\/v2\/users\/1"}],"replies":[{"embeddable":true,"href":"https:\/\/lumosdentalclinic.com\/tr\/wp-json\/wp\/v2\/comments?post=1232"}],"version-history":[{"count":2,"href":"https:\/\/lumosdentalclinic.com\/tr\/wp-json\/wp\/v2\/pages\/1232\/revisions"}],"predecessor-version":[{"id":3628,"href":"https:\/\/lumosdentalclinic.com\/tr\/wp-json\/wp\/v2\/pages\/1232\/revisions\/3628"}],"wp:attachment":[{"href":"https:\/\/lumosdentalclinic.com\/tr\/wp-json\/wp\/v2\/media?parent=1232"}],"curies":[{"name":"wp","href":"https:\/\/api.w.org\/{rel}","templated":true}]}}