{"id":1963,"date":"2017-05-18T07:40:56","date_gmt":"2017-05-18T07:40:56","guid":{"rendered":"http:\/\/dentalia.orionthemes.com\/new-demos\/demo-1\/?page_id=1963"},"modified":"2023-05-03T00:47:35","modified_gmt":"2023-05-03T00:47:35","slug":"404-error-page","status":"publish","type":"page","link":"https:\/\/lumosdentalclinic.com\/tr\/404-error-page\/","title":{"rendered":"404 Error Page"},"content":{"rendered":"<div id=\"pl-1963\"  class=\"panel-layout\" ><div id=\"pg-1963-0\"  class=\"panel-grid panel-has-style\" ><div class=\"siteorigin-panels-stretch divider-no-animation tablet-default mobile-1-in-row desktop-default full-width-on-small-devices overlay-c1-c2 custom panel-row-style panel-row-style-for-1963-0\" style=\"background-position: center center; background-repeat: no-repeat; background-size:cover;\" data-stretch-type=\"full\" ><div id=\"pgc-1963-0-0\"  class=\"panel-grid-cell panel-grid-cell-empty\" ><\/div><div id=\"pgc-1963-0-1\"  class=\"panel-grid-cell panel-grid-cell-mobile-last\" ><div class=\"panel-cell-style panel-cell-style-for-1963-0-1\" ><div id=\"panel-1963-0-1-0\" class=\"so-panel widget widget_orion_heading_w panel-first-child\" data-index=\"0\" ><div class=\"orion custom default panel-widget-style panel-widget-style-for-1963-0-1-0\" ><div\n\t\t\t\n\t\t\tclass=\"so-widget-orion_heading_w so-widget-orion_heading_w-base\"\n\t\t\t\n\t\t> \r\n\t\t\t<div class=\"row orion-heading\" style=\"margin-bottom:0px;\">\r\n\t\t<div class=\"col-md-12  separator-style-2 text-center style-h1 style-primary-color\">\r\n\t\t\t<h1 class=\"primary-color\">\r\n\t\t\t\t<strong>404 Error<\/strong>\t\t\t<\/h1>\r\n\t\t<\/div>\r\n\t<\/div>\r\n\r\n\t<\/div><\/div><\/div><div id=\"panel-1963-0-1-1\" class=\"so-panel widget widget_sow-editor\" data-index=\"1\" ><div class=\"orion default panel-widget-style panel-widget-style-for-1963-0-1-1\" ><div\n\t\t\t\n\t\t\tclass=\"so-widget-sow-editor so-widget-sow-editor-base\"\n\t\t\t\n\t\t>\n<div class=\"siteorigin-widget-tinymce textwidget\">\n\t<p style=\"text-align: center;\">The page you are looking for cannot be found.<\/p>\n<\/div>\n<\/div><\/div><\/div><div id=\"panel-1963-0-1-2\" class=\"so-panel widget widget_search\" data-index=\"2\" ><div class=\"orion default panel-widget-style panel-widget-style-for-1963-0-1-2\" ><form class=\"search-form\" method=\"get\" action=\"https:\/\/lumosdentalclinic.com\/tr\/\" data-trp-original-action=\"https:\/\/lumosdentalclinic.com\/tr\/\">\n    <div class=\"wrap\">\n    \t<label class=\"screen-reader-text\">Search for:<\/label>\n        <input class=\"searchfield\" type=\"text\" value=\"\" placeholder=\"Search\" name=\"s\" \/>\n        <input class=\"search-submit\" type=\"submit\" value=\"&#xEA06;\" \/>\n    <\/div>\n<input type=\"hidden\" name=\"trp-form-language\" value=\"tr\"\/><\/form><\/div><\/div><div id=\"panel-1963-0-1-3\" class=\"so-panel widget widget_orion_button_w panel-last-child\" data-index=\"3\" ><div class=\"orion default panel-widget-style panel-widget-style-for-1963-0-1-3\" ><div\n\t\t\t\n\t\t\tclass=\"so-widget-orion_button_w so-widget-orion_button_w-base\"\n\t\t\t\n\t\t>\t<div class=\"wrapper block\" style=\"text-align:center\">\r\n\r\n\t\t\t<a class=\"btn btn-c1 btn-flat btn-md\"  href=\"\">\r\n\t\t\tReturn Home\t\t\r\n\t\t<\/a>\r\n\t\r\n<\/div>\r\n\r\n\r\n\r\n<\/div><\/div><\/div><\/div><\/div><div id=\"pgc-1963-0-2\"  class=\"panel-grid-cell panel-grid-cell-empty\" ><\/div><\/div><\/div><\/div>","protected":false},"excerpt":{"rendered":"<p>The page you are looking for cannot be found.<\/p>","protected":false},"author":1,"featured_media":0,"parent":0,"menu_order":0,"comment_status":"closed","ping_status":"closed","template":"","meta":{"footnotes":""},"class_list":["post-1963","page","type-page","status-publish","hentry"],"yoast_head":"<!-- This site is optimized with the Yoast SEO Premium plugin v20.2.1 (Yoast SEO v27.3) - https:\/\/yoast.com\/product\/yoast-seo-premium-wordpress\/ -->\n<title>404 Error Page - Lumos Dental Clinic - Dental Centre Turkey<\/title>\n<meta name=\"robots\" content=\"index, follow, max-snippet:-1, max-image-preview:large, max-video-preview:-1\" \/>\n<link rel=\"canonical\" href=\"https:\/\/lumosdentalclinic.com\/tr\/404-error-page\/\" \/>\n<meta property=\"og:locale\" content=\"tr_TR\" \/>\n<meta property=\"og:type\" content=\"article\" \/>\n<meta property=\"og:title\" content=\"404 Error Page\" \/>\n<meta property=\"og:description\" content=\"The page you are looking for cannot be found.\" \/>\n<meta property=\"og:url\" content=\"https:\/\/lumosdentalclinic.com\/tr\/404-error-page\/\" \/>\n<meta property=\"og:site_name\" content=\"Lumos Dental Clinic - Dental Centre Turkey\" \/>\n<meta property=\"article:publisher\" content=\"https:\/\/www.facebook.com\/lumosdentalstudio\" \/>\n<meta property=\"article:modified_time\" content=\"2023-05-03T00:47:35+00:00\" \/>\n<meta property=\"og:image\" content=\"https:\/\/lumosdentalclinic.com\/wp-content\/uploads\/2023\/08\/cropped-Lumos.png\" \/>\n\t<meta property=\"og:image:width\" content=\"512\" \/>\n\t<meta property=\"og:image:height\" content=\"512\" \/>\n\t<meta property=\"og:image:type\" content=\"image\/png\" \/>\n<meta name=\"twitter:card\" content=\"summary_large_image\" \/>\n<script type=\"application\/ld+json\" class=\"yoast-schema-graph\">{\"@context\":\"https:\\\/\\\/schema.org\",\"@graph\":[{\"@type\":\"WebPage\",\"@id\":\"https:\\\/\\\/lumosdentalclinic.com\\\/tr\\\/404-error-page\\\/\",\"url\":\"https:\\\/\\\/lumosdentalclinic.com\\\/tr\\\/404-error-page\\\/\",\"name\":\"404 Error Page - Lumos Dental Clinic - Dental Centre Turkey\",\"isPartOf\":{\"@id\":\"https:\\\/\\\/orchid-koala-586867.hostingersite.com\\\/#website\"},\"datePublished\":\"2017-05-18T07:40:56+00:00\",\"dateModified\":\"2023-05-03T00:47:35+00:00\",\"breadcrumb\":{\"@id\":\"https:\\\/\\\/lumosdentalclinic.com\\\/tr\\\/404-error-page\\\/#breadcrumb\"},\"inLanguage\":\"tr\",\"potentialAction\":[{\"@type\":\"ReadAction\",\"target\":[\"https:\\\/\\\/lumosdentalclinic.com\\\/tr\\\/404-error-page\\\/\"]}]},{\"@type\":\"BreadcrumbList\",\"@id\":\"https:\\\/\\\/lumosdentalclinic.com\\\/tr\\\/404-error-page\\\/#breadcrumb\",\"itemListElement\":[{\"@type\":\"ListItem\",\"position\":1,\"name\":\"Home\",\"item\":\"https:\\\/\\\/orchid-koala-586867.hostingersite.com\\\/\"},{\"@type\":\"ListItem\",\"position\":2,\"name\":\"404 Error Page\"}]},{\"@type\":\"WebSite\",\"@id\":\"https:\\\/\\\/orchid-koala-586867.hostingersite.com\\\/#website\",\"url\":\"https:\\\/\\\/orchid-koala-586867.hostingersite.com\\\/\",\"name\":\"Lumos Dental Clinic - Dental Centre Turkey\",\"description\":\"Better Smile With Us\",\"publisher\":{\"@id\":\"https:\\\/\\\/orchid-koala-586867.hostingersite.com\\\/#organization\"},\"alternateName\":\"We offer comprehensive services from all fields of dentistry. In addition to high-end dental equipment, all services are provided in a comfortable, luxury environment. New patients are welcomed with a complimentary oral health consultation.\",\"potentialAction\":[{\"@type\":\"SearchAction\",\"target\":{\"@type\":\"EntryPoint\",\"urlTemplate\":\"https:\\\/\\\/orchid-koala-586867.hostingersite.com\\\/?s={search_term_string}\"},\"query-input\":{\"@type\":\"PropertyValueSpecification\",\"valueRequired\":true,\"valueName\":\"search_term_string\"}}],\"inLanguage\":\"tr\"},{\"@type\":\"Organization\",\"@id\":\"https:\\\/\\\/orchid-koala-586867.hostingersite.com\\\/#organization\",\"name\":\"Lumos Dental Clinic - Dental Centre Turkey\",\"alternateName\":\"We offer comprehensive services from all fields of dentistry. In addition to high-end dental equipment, all services are provided in a comfortable, luxury environment. New patients are welcomed with a complimentary oral health consultation.\",\"url\":\"https:\\\/\\\/orchid-koala-586867.hostingersite.com\\\/\",\"logo\":{\"@type\":\"ImageObject\",\"inLanguage\":\"tr\",\"@id\":\"https:\\\/\\\/orchid-koala-586867.hostingersite.com\\\/#\\\/schema\\\/logo\\\/image\\\/\",\"url\":\"https:\\\/\\\/orchid-koala-586867.hostingersite.com\\\/wp-content\\\/uploads\\\/2023\\\/08\\\/cropped-Lumos.png\",\"contentUrl\":\"https:\\\/\\\/orchid-koala-586867.hostingersite.com\\\/wp-content\\\/uploads\\\/2023\\\/08\\\/cropped-Lumos.png\",\"width\":512,\"height\":512,\"caption\":\"Lumos Dental Clinic - Dental Centre Turkey\"},\"image\":{\"@id\":\"https:\\\/\\\/orchid-koala-586867.hostingersite.com\\\/#\\\/schema\\\/logo\\\/image\\\/\"},\"sameAs\":[\"https:\\\/\\\/www.facebook.com\\\/lumosdentalstudio\",\"https:\\\/\\\/www.instagram.com\\\/lumosdentalclinic\"]}]}<\/script>\n<!-- \/ Yoast SEO Premium plugin. -->","yoast_head_json":{"title":"404 Error Page - Lumos Dental Clinic - Dental Centre Turkey","robots":{"index":"index","follow":"follow","max-snippet":"max-snippet:-1","max-image-preview":"max-image-preview:large","max-video-preview":"max-video-preview:-1"},"canonical":"https:\/\/lumosdentalclinic.com\/tr\/404-error-page\/","og_locale":"tr_TR","og_type":"article","og_title":"404 Error Page","og_description":"The page you are looking for cannot be found.","og_url":"https:\/\/lumosdentalclinic.com\/tr\/404-error-page\/","og_site_name":"Lumos Dental Clinic - Dental Centre Turkey","article_publisher":"https:\/\/www.facebook.com\/lumosdentalstudio","article_modified_time":"2023-05-03T00:47:35+00:00","og_image":[{"width":512,"height":512,"url":"https:\/\/lumosdentalclinic.com\/wp-content\/uploads\/2023\/08\/cropped-Lumos.png","type":"image\/png"}],"twitter_card":"summary_large_image","schema":{"@context":"https:\/\/schema.org","@graph":[{"@type":"WebPage","@id":"https:\/\/lumosdentalclinic.com\/tr\/404-error-page\/","url":"https:\/\/lumosdentalclinic.com\/tr\/404-error-page\/","name":"404 Error Page - Lumos Dental Clinic - Dental Centre Turkey","isPartOf":{"@id":"https:\/\/orchid-koala-586867.hostingersite.com\/#website"},"datePublished":"2017-05-18T07:40:56+00:00","dateModified":"2023-05-03T00:47:35+00:00","breadcrumb":{"@id":"https:\/\/lumosdentalclinic.com\/tr\/404-error-page\/#breadcrumb"},"inLanguage":"tr","potentialAction":[{"@type":"ReadAction","target":["https:\/\/lumosdentalclinic.com\/tr\/404-error-page\/"]}]},{"@type":"BreadcrumbList","@id":"https:\/\/lumosdentalclinic.com\/tr\/404-error-page\/#breadcrumb","itemListElement":[{"@type":"ListItem","position":1,"name":"Home","item":"https:\/\/orchid-koala-586867.hostingersite.com\/"},{"@type":"ListItem","position":2,"name":"404 Error Page"}]},{"@type":"WebSite","@id":"https:\/\/orchid-koala-586867.hostingersite.com\/#website","url":"https:\/\/orchid-koala-586867.hostingersite.com\/","name":"Lumos Di\u015f Klini\u011fi - Di\u015f Merkezi T\u00fcrkiye","description":"Better Smile With Us","publisher":{"@id":"https:\/\/orchid-koala-586867.hostingersite.com\/#organization"},"alternateName":"We offer comprehensive services from all fields of dentistry. In addition to high-end dental equipment, all services are provided in a comfortable, luxury environment. New patients are welcomed with a complimentary oral health consultation.","potentialAction":[{"@type":"SearchAction","target":{"@type":"EntryPoint","urlTemplate":"https:\/\/orchid-koala-586867.hostingersite.com\/?s={search_term_string}"},"query-input":{"@type":"PropertyValueSpecification","valueRequired":true,"valueName":"search_term_string"}}],"inLanguage":"tr"},{"@type":"Organization","@id":"https:\/\/orchid-koala-586867.hostingersite.com\/#organization","name":"Lumos Di\u015f Klini\u011fi - Di\u015f Merkezi T\u00fcrkiye","alternateName":"We offer comprehensive services from all fields of dentistry. In addition to high-end dental equipment, all services are provided in a comfortable, luxury environment. New patients are welcomed with a complimentary oral health consultation.","url":"https:\/\/orchid-koala-586867.hostingersite.com\/","logo":{"@type":"ImageObject","inLanguage":"tr","@id":"https:\/\/orchid-koala-586867.hostingersite.com\/#\/schema\/logo\/image\/","url":"https:\/\/orchid-koala-586867.hostingersite.com\/wp-content\/uploads\/2023\/08\/cropped-Lumos.png","contentUrl":"https:\/\/orchid-koala-586867.hostingersite.com\/wp-content\/uploads\/2023\/08\/cropped-Lumos.png","width":512,"height":512,"caption":"Lumos Dental Clinic - Dental Centre Turkey"},"image":{"@id":"https:\/\/orchid-koala-586867.hostingersite.com\/#\/schema\/logo\/image\/"},"sameAs":["https:\/\/www.facebook.com\/lumosdentalstudio","https:\/\/www.instagram.com\/lumosdentalclinic"]}]}},"_links":{"self":[{"href":"https:\/\/lumosdentalclinic.com\/tr\/wp-json\/wp\/v2\/pages\/1963","targetHints":{"allow":["GET"]}}],"collection":[{"href":"https:\/\/lumosdentalclinic.com\/tr\/wp-json\/wp\/v2\/pages"}],"about":[{"href":"https:\/\/lumosdentalclinic.com\/tr\/wp-json\/wp\/v2\/types\/page"}],"author":[{"embeddable":true,"href":"https:\/\/lumosdentalclinic.com\/tr\/wp-json\/wp\/v2\/users\/1"}],"replies":[{"embeddable":true,"href":"https:\/\/lumosdentalclinic.com\/tr\/wp-json\/wp\/v2\/comments?post=1963"}],"version-history":[{"count":2,"href":"https:\/\/lumosdentalclinic.com\/tr\/wp-json\/wp\/v2\/pages\/1963\/revisions"}],"predecessor-version":[{"id":3626,"href":"https:\/\/lumosdentalclinic.com\/tr\/wp-json\/wp\/v2\/pages\/1963\/revisions\/3626"}],"wp:attachment":[{"href":"https:\/\/lumosdentalclinic.com\/tr\/wp-json\/wp\/v2\/media?parent=1963"}],"curies":[{"name":"wp","href":"https:\/\/api.w.org\/{rel}","templated":true}]}}